{"id":1113108,"date":"2025-05-24T15:53:54","date_gmt":"2025-05-24T15:53:54","guid":{"rendered":"https:\/\/landscapingdealer.com\/autour-de-la-maison-nettoyage-exterieur\/"},"modified":"2026-01-19T01:37:42","modified_gmt":"2026-01-19T01:37:42","slug":"autour-de-la-maison-nettoyage-exterieur","status":"publish","type":"page","link":"https:\/\/landscapingdealer.com\/fr\/autour-de-la-maison-nettoyage-exterieur\/","title":{"rendered":"Autour de la maison nettoyage ext\u00e9rieur"},"content":{"rendered":"","protected":false},"excerpt":{"rendered":"","protected":false},"author":1,"featured_media":0,"parent":0,"menu_order":0,"comment_status":"closed","ping_status":"closed","template":"page.php","meta":{"_acf_changed":false,"footnotes":""},"class_list":["post-1113108","page","type-page","status-publish","hentry"],"acf":[],"yoast_head":"<!-- This site is optimized with the Yoast SEO plugin v27.4 - https:\/\/yoast.com\/product\/yoast-seo-wordpress\/ -->\n<title>STIHL Autour de la maison nettoyage ext\u00e9rieur<\/title>\n<meta name=\"description\" content=\"La salet\u00e9 les feuilles et l&#039;humidit\u00e9 laissent des traces sur les surfaces autour de la maison et les mettent \u00e0 rude \u00e9preuve Dans la vid\u00e9o ci-dessu...\" \/>\n<meta name=\"robots\" content=\"noindex, follow, max-snippet:-1, max-image-preview:large, max-video-preview:-1\" \/>\n<meta property=\"og:locale\" content=\"fr_FR\" \/>\n<meta property=\"og:type\" content=\"article\" \/>\n<meta property=\"og:title\" content=\"STIHL Autour de la maison nettoyage ext\u00e9rieur\" \/>\n<meta property=\"og:description\" content=\"La salet\u00e9 les feuilles et l&#039;humidit\u00e9 laissent des traces sur les surfaces autour de la maison et les mettent \u00e0 rude \u00e9preuve Dans la vid\u00e9o ci-dessu...\" \/>\n<meta property=\"og:url\" content=\"https:\/\/landscapingdealer.com\/fr\/autour-de-la-maison-nettoyage-exterieur\/\" \/>\n<meta property=\"og:site_name\" content=\"Landscaping Dealer\" \/>\n<meta property=\"article:modified_time\" content=\"2026-01-19T01:37:42+00:00\" \/>\n<meta name=\"twitter:card\" content=\"summary_large_image\" \/>\n<meta name=\"twitter:title\" content=\"STIHL Autour de la maison nettoyage ext\u00e9rieur\" \/>\n<meta name=\"twitter:description\" content=\"La salet\u00e9 les feuilles et l&#039;humidit\u00e9 laissent des traces sur les surfaces autour de la maison et les mettent \u00e0 rude \u00e9preuve Dans la vid\u00e9o ci-dessu...\" \/>\n<script type=\"application\/ld+json\" class=\"yoast-schema-graph\">{\"@context\":\"https:\\\/\\\/schema.org\",\"@graph\":[{\"@type\":\"WebPage\",\"@id\":\"https:\\\/\\\/landscapingdealer.com\\\/fr\\\/autour-de-la-maison-nettoyage-exterieur\\\/\",\"url\":\"https:\\\/\\\/landscapingdealer.com\\\/fr\\\/autour-de-la-maison-nettoyage-exterieur\\\/\",\"name\":\"STIHL Autour de la maison nettoyage ext\u00e9rieur\",\"isPartOf\":{\"@id\":\"https:\\\/\\\/landscapingdealer.com\\\/fr\\\/#website\"},\"datePublished\":\"2025-05-24T15:53:54+00:00\",\"dateModified\":\"2026-01-19T01:37:42+00:00\",\"description\":\"La salet\u00e9 les feuilles et l'humidit\u00e9 laissent des traces sur les surfaces autour de la maison et les mettent \u00e0 rude \u00e9preuve Dans la vid\u00e9o ci-dessu...\",\"breadcrumb\":{\"@id\":\"https:\\\/\\\/landscapingdealer.com\\\/fr\\\/autour-de-la-maison-nettoyage-exterieur\\\/#breadcrumb\"},\"inLanguage\":\"fr-BE\",\"potentialAction\":[{\"@type\":\"ReadAction\",\"target\":[\"https:\\\/\\\/landscapingdealer.com\\\/fr\\\/autour-de-la-maison-nettoyage-exterieur\\\/\"]}]},{\"@type\":\"BreadcrumbList\",\"@id\":\"https:\\\/\\\/landscapingdealer.com\\\/fr\\\/autour-de-la-maison-nettoyage-exterieur\\\/#breadcrumb\",\"itemListElement\":[{\"@type\":\"ListItem\",\"position\":1,\"name\":\"Home\",\"item\":\"https:\\\/\\\/landscapingdealer.com\\\/fr\\\/page-daccueil-nouveau\\\/\"},{\"@type\":\"ListItem\",\"position\":2,\"name\":\"Autour de la maison nettoyage ext\u00e9rieur\"}]},{\"@type\":\"WebSite\",\"@id\":\"https:\\\/\\\/landscapingdealer.com\\\/fr\\\/#website\",\"url\":\"https:\\\/\\\/landscapingdealer.com\\\/fr\\\/\",\"name\":\"Landscaping Dealer\",\"description\":\"Just another WordPress site\",\"potentialAction\":[{\"@type\":\"SearchAction\",\"target\":{\"@type\":\"EntryPoint\",\"urlTemplate\":\"https:\\\/\\\/landscapingdealer.com\\\/fr\\\/?s={search_term_string}\"},\"query-input\":{\"@type\":\"PropertyValueSpecification\",\"valueRequired\":true,\"valueName\":\"search_term_string\"}}],\"inLanguage\":\"fr-BE\"}]}<\/script>\n<!-- \/ Yoast SEO plugin. -->","yoast_head_json":{"title":"STIHL Autour de la maison nettoyage ext\u00e9rieur","description":"La salet\u00e9 les feuilles et l'humidit\u00e9 laissent des traces sur les surfaces autour de la maison et les mettent \u00e0 rude \u00e9preuve Dans la vid\u00e9o ci-dessu...","robots":{"index":"noindex","follow":"follow","max-snippet":"max-snippet:-1","max-image-preview":"max-image-preview:large","max-video-preview":"max-video-preview:-1"},"og_locale":"fr_FR","og_type":"article","og_title":"STIHL Autour de la maison nettoyage ext\u00e9rieur","og_description":"La salet\u00e9 les feuilles et l'humidit\u00e9 laissent des traces sur les surfaces autour de la maison et les mettent \u00e0 rude \u00e9preuve Dans la vid\u00e9o ci-dessu...","og_url":"https:\/\/landscapingdealer.com\/fr\/autour-de-la-maison-nettoyage-exterieur\/","og_site_name":"Landscaping Dealer","article_modified_time":"2026-01-19T01:37:42+00:00","twitter_card":"summary_large_image","twitter_title":"STIHL Autour de la maison nettoyage ext\u00e9rieur","twitter_description":"La salet\u00e9 les feuilles et l'humidit\u00e9 laissent des traces sur les surfaces autour de la maison et les mettent \u00e0 rude \u00e9preuve Dans la vid\u00e9o ci-dessu...","schema":{"@context":"https:\/\/schema.org","@graph":[{"@type":"WebPage","@id":"https:\/\/landscapingdealer.com\/fr\/autour-de-la-maison-nettoyage-exterieur\/","url":"https:\/\/landscapingdealer.com\/fr\/autour-de-la-maison-nettoyage-exterieur\/","name":"STIHL Autour de la maison nettoyage ext\u00e9rieur","isPartOf":{"@id":"https:\/\/landscapingdealer.com\/fr\/#website"},"datePublished":"2025-05-24T15:53:54+00:00","dateModified":"2026-01-19T01:37:42+00:00","description":"La salet\u00e9 les feuilles et l'humidit\u00e9 laissent des traces sur les surfaces autour de la maison et les mettent \u00e0 rude \u00e9preuve Dans la vid\u00e9o ci-dessu...","breadcrumb":{"@id":"https:\/\/landscapingdealer.com\/fr\/autour-de-la-maison-nettoyage-exterieur\/#breadcrumb"},"inLanguage":"fr-BE","potentialAction":[{"@type":"ReadAction","target":["https:\/\/landscapingdealer.com\/fr\/autour-de-la-maison-nettoyage-exterieur\/"]}]},{"@type":"BreadcrumbList","@id":"https:\/\/landscapingdealer.com\/fr\/autour-de-la-maison-nettoyage-exterieur\/#breadcrumb","itemListElement":[{"@type":"ListItem","position":1,"name":"Home","item":"https:\/\/landscapingdealer.com\/fr\/page-daccueil-nouveau\/"},{"@type":"ListItem","position":2,"name":"Autour de la maison nettoyage ext\u00e9rieur"}]},{"@type":"WebSite","@id":"https:\/\/landscapingdealer.com\/fr\/#website","url":"https:\/\/landscapingdealer.com\/fr\/","name":"Landscaping Dealer","description":"Just another WordPress site","potentialAction":[{"@type":"SearchAction","target":{"@type":"EntryPoint","urlTemplate":"https:\/\/landscapingdealer.com\/fr\/?s={search_term_string}"},"query-input":{"@type":"PropertyValueSpecification","valueRequired":true,"valueName":"search_term_string"}}],"inLanguage":"fr-BE"}]}},"_links":{"self":[{"href":"https:\/\/landscapingdealer.com\/fr\/wp-json\/wp\/v2\/pages\/1113108","targetHints":{"allow":["GET"]}}],"collection":[{"href":"https:\/\/landscapingdealer.com\/fr\/wp-json\/wp\/v2\/pages"}],"about":[{"href":"https:\/\/landscapingdealer.com\/fr\/wp-json\/wp\/v2\/types\/page"}],"author":[{"embeddable":true,"href":"https:\/\/landscapingdealer.com\/fr\/wp-json\/wp\/v2\/users\/1"}],"replies":[{"embeddable":true,"href":"https:\/\/landscapingdealer.com\/fr\/wp-json\/wp\/v2\/comments?post=1113108"}],"version-history":[{"count":1,"href":"https:\/\/landscapingdealer.com\/fr\/wp-json\/wp\/v2\/pages\/1113108\/revisions"}],"predecessor-version":[{"id":1116668,"href":"https:\/\/landscapingdealer.com\/fr\/wp-json\/wp\/v2\/pages\/1113108\/revisions\/1116668"}],"wp:attachment":[{"href":"https:\/\/landscapingdealer.com\/fr\/wp-json\/wp\/v2\/media?parent=1113108"}],"curies":[{"name":"wp","href":"https:\/\/api.w.org\/{rel}","templated":true}]}}