{"id":1113235,"date":"2025-05-24T15:53:44","date_gmt":"2025-05-24T15:53:44","guid":{"rendered":"https:\/\/landscapingdealer.com\/comment-tailler-une-haie\/"},"modified":"2026-01-19T01:38:30","modified_gmt":"2026-01-19T01:38:30","slug":"comment-tailler-une-haie","status":"publish","type":"page","link":"https:\/\/landscapingdealer.com\/fr\/comment-tailler-une-haie\/","title":{"rendered":"Comment tailler une haie ?"},"content":{"rendered":"","protected":false},"excerpt":{"rendered":"","protected":false},"author":1,"featured_media":0,"parent":0,"menu_order":0,"comment_status":"closed","ping_status":"closed","template":"page.php","meta":{"_acf_changed":false,"footnotes":""},"class_list":["post-1113235","page","type-page","status-publish","hentry"],"acf":[],"yoast_head":"<!-- This site is optimized with the Yoast SEO plugin v27.4 - https:\/\/yoast.com\/product\/yoast-seo-wordpress\/ -->\n<title>STIHL Comment tailler une haie ?<\/title>\n<meta name=\"description\" content=\"Les haies qui fleurissent au printemps ne doivent \u00eatre taill\u00e9es qu&#039;apr\u00e8s la floraisonSi vous souhaitez tailler l\u00e9g\u00e8rement la forme en \u00e9t\u00e9 de mars ...\" \/>\n<meta name=\"robots\" content=\"noindex, follow, max-snippet:-1, max-image-preview:large, max-video-preview:-1\" \/>\n<meta property=\"og:locale\" content=\"fr_FR\" \/>\n<meta property=\"og:type\" content=\"article\" \/>\n<meta property=\"og:title\" content=\"STIHL Comment tailler une haie ?\" \/>\n<meta property=\"og:description\" content=\"Les haies qui fleurissent au printemps ne doivent \u00eatre taill\u00e9es qu&#039;apr\u00e8s la floraisonSi vous souhaitez tailler l\u00e9g\u00e8rement la forme en \u00e9t\u00e9 de mars ...\" \/>\n<meta property=\"og:url\" content=\"https:\/\/landscapingdealer.com\/fr\/comment-tailler-une-haie\/\" \/>\n<meta property=\"og:site_name\" content=\"Landscaping Dealer\" \/>\n<meta property=\"article:modified_time\" content=\"2026-01-19T01:38:30+00:00\" \/>\n<meta name=\"twitter:card\" content=\"summary_large_image\" \/>\n<meta name=\"twitter:title\" content=\"STIHL Comment tailler une haie ?\" \/>\n<meta name=\"twitter:description\" content=\"Les haies qui fleurissent au printemps ne doivent \u00eatre taill\u00e9es qu&#039;apr\u00e8s la floraisonSi vous souhaitez tailler l\u00e9g\u00e8rement la forme en \u00e9t\u00e9 de mars ...\" \/>\n<script type=\"application\/ld+json\" class=\"yoast-schema-graph\">{\"@context\":\"https:\\\/\\\/schema.org\",\"@graph\":[{\"@type\":\"WebPage\",\"@id\":\"https:\\\/\\\/landscapingdealer.com\\\/fr\\\/comment-tailler-une-haie\\\/\",\"url\":\"https:\\\/\\\/landscapingdealer.com\\\/fr\\\/comment-tailler-une-haie\\\/\",\"name\":\"STIHL Comment tailler une haie ?\",\"isPartOf\":{\"@id\":\"https:\\\/\\\/landscapingdealer.com\\\/fr\\\/#website\"},\"datePublished\":\"2025-05-24T15:53:44+00:00\",\"dateModified\":\"2026-01-19T01:38:30+00:00\",\"description\":\"Les haies qui fleurissent au printemps ne doivent \u00eatre taill\u00e9es qu'apr\u00e8s la floraisonSi vous souhaitez tailler l\u00e9g\u00e8rement la forme en \u00e9t\u00e9 de mars ...\",\"breadcrumb\":{\"@id\":\"https:\\\/\\\/landscapingdealer.com\\\/fr\\\/comment-tailler-une-haie\\\/#breadcrumb\"},\"inLanguage\":\"fr-BE\",\"potentialAction\":[{\"@type\":\"ReadAction\",\"target\":[\"https:\\\/\\\/landscapingdealer.com\\\/fr\\\/comment-tailler-une-haie\\\/\"]}]},{\"@type\":\"BreadcrumbList\",\"@id\":\"https:\\\/\\\/landscapingdealer.com\\\/fr\\\/comment-tailler-une-haie\\\/#breadcrumb\",\"itemListElement\":[{\"@type\":\"ListItem\",\"position\":1,\"name\":\"Home\",\"item\":\"https:\\\/\\\/landscapingdealer.com\\\/fr\\\/page-daccueil-nouveau\\\/\"},{\"@type\":\"ListItem\",\"position\":2,\"name\":\"Comment tailler une haie ?\"}]},{\"@type\":\"WebSite\",\"@id\":\"https:\\\/\\\/landscapingdealer.com\\\/fr\\\/#website\",\"url\":\"https:\\\/\\\/landscapingdealer.com\\\/fr\\\/\",\"name\":\"Landscaping Dealer\",\"description\":\"Just another WordPress site\",\"potentialAction\":[{\"@type\":\"SearchAction\",\"target\":{\"@type\":\"EntryPoint\",\"urlTemplate\":\"https:\\\/\\\/landscapingdealer.com\\\/fr\\\/?s={search_term_string}\"},\"query-input\":{\"@type\":\"PropertyValueSpecification\",\"valueRequired\":true,\"valueName\":\"search_term_string\"}}],\"inLanguage\":\"fr-BE\"}]}<\/script>\n<!-- \/ Yoast SEO plugin. -->","yoast_head_json":{"title":"STIHL Comment tailler une haie ?","description":"Les haies qui fleurissent au printemps ne doivent \u00eatre taill\u00e9es qu'apr\u00e8s la floraisonSi vous souhaitez tailler l\u00e9g\u00e8rement la forme en \u00e9t\u00e9 de mars ...","robots":{"index":"noindex","follow":"follow","max-snippet":"max-snippet:-1","max-image-preview":"max-image-preview:large","max-video-preview":"max-video-preview:-1"},"og_locale":"fr_FR","og_type":"article","og_title":"STIHL Comment tailler une haie ?","og_description":"Les haies qui fleurissent au printemps ne doivent \u00eatre taill\u00e9es qu'apr\u00e8s la floraisonSi vous souhaitez tailler l\u00e9g\u00e8rement la forme en \u00e9t\u00e9 de mars ...","og_url":"https:\/\/landscapingdealer.com\/fr\/comment-tailler-une-haie\/","og_site_name":"Landscaping Dealer","article_modified_time":"2026-01-19T01:38:30+00:00","twitter_card":"summary_large_image","twitter_title":"STIHL Comment tailler une haie ?","twitter_description":"Les haies qui fleurissent au printemps ne doivent \u00eatre taill\u00e9es qu'apr\u00e8s la floraisonSi vous souhaitez tailler l\u00e9g\u00e8rement la forme en \u00e9t\u00e9 de mars ...","schema":{"@context":"https:\/\/schema.org","@graph":[{"@type":"WebPage","@id":"https:\/\/landscapingdealer.com\/fr\/comment-tailler-une-haie\/","url":"https:\/\/landscapingdealer.com\/fr\/comment-tailler-une-haie\/","name":"STIHL Comment tailler une haie ?","isPartOf":{"@id":"https:\/\/landscapingdealer.com\/fr\/#website"},"datePublished":"2025-05-24T15:53:44+00:00","dateModified":"2026-01-19T01:38:30+00:00","description":"Les haies qui fleurissent au printemps ne doivent \u00eatre taill\u00e9es qu'apr\u00e8s la floraisonSi vous souhaitez tailler l\u00e9g\u00e8rement la forme en \u00e9t\u00e9 de mars ...","breadcrumb":{"@id":"https:\/\/landscapingdealer.com\/fr\/comment-tailler-une-haie\/#breadcrumb"},"inLanguage":"fr-BE","potentialAction":[{"@type":"ReadAction","target":["https:\/\/landscapingdealer.com\/fr\/comment-tailler-une-haie\/"]}]},{"@type":"BreadcrumbList","@id":"https:\/\/landscapingdealer.com\/fr\/comment-tailler-une-haie\/#breadcrumb","itemListElement":[{"@type":"ListItem","position":1,"name":"Home","item":"https:\/\/landscapingdealer.com\/fr\/page-daccueil-nouveau\/"},{"@type":"ListItem","position":2,"name":"Comment tailler une haie ?"}]},{"@type":"WebSite","@id":"https:\/\/landscapingdealer.com\/fr\/#website","url":"https:\/\/landscapingdealer.com\/fr\/","name":"Landscaping Dealer","description":"Just another WordPress site","potentialAction":[{"@type":"SearchAction","target":{"@type":"EntryPoint","urlTemplate":"https:\/\/landscapingdealer.com\/fr\/?s={search_term_string}"},"query-input":{"@type":"PropertyValueSpecification","valueRequired":true,"valueName":"search_term_string"}}],"inLanguage":"fr-BE"}]}},"_links":{"self":[{"href":"https:\/\/landscapingdealer.com\/fr\/wp-json\/wp\/v2\/pages\/1113235","targetHints":{"allow":["GET"]}}],"collection":[{"href":"https:\/\/landscapingdealer.com\/fr\/wp-json\/wp\/v2\/pages"}],"about":[{"href":"https:\/\/landscapingdealer.com\/fr\/wp-json\/wp\/v2\/types\/page"}],"author":[{"embeddable":true,"href":"https:\/\/landscapingdealer.com\/fr\/wp-json\/wp\/v2\/users\/1"}],"replies":[{"embeddable":true,"href":"https:\/\/landscapingdealer.com\/fr\/wp-json\/wp\/v2\/comments?post=1113235"}],"version-history":[{"count":1,"href":"https:\/\/landscapingdealer.com\/fr\/wp-json\/wp\/v2\/pages\/1113235\/revisions"}],"predecessor-version":[{"id":1116674,"href":"https:\/\/landscapingdealer.com\/fr\/wp-json\/wp\/v2\/pages\/1113235\/revisions\/1116674"}],"wp:attachment":[{"href":"https:\/\/landscapingdealer.com\/fr\/wp-json\/wp\/v2\/media?parent=1113235"}],"curies":[{"name":"wp","href":"https:\/\/api.w.org\/{rel}","templated":true}]}}