{"id":1113331,"date":"2025-05-24T15:53:39","date_gmt":"2025-05-24T15:53:39","guid":{"rendered":"https:\/\/landscapingdealer.com\/stockage-approprie-des-batteries-lithium-ion\/"},"modified":"2026-01-19T01:39:40","modified_gmt":"2026-01-19T01:39:40","slug":"stockage-approprie-des-batteries-lithium-ion","status":"publish","type":"page","link":"https:\/\/landscapingdealer.com\/fr\/stockage-approprie-des-batteries-lithium-ion\/","title":{"rendered":"Stockage appropri\u00e9 des batteries lithium-ion"},"content":{"rendered":"","protected":false},"excerpt":{"rendered":"","protected":false},"author":1,"featured_media":0,"parent":0,"menu_order":0,"comment_status":"closed","ping_status":"closed","template":"page.php","meta":{"_acf_changed":false,"footnotes":""},"class_list":["post-1113331","page","type-page","status-publish","hentry"],"acf":[],"yoast_head":"<!-- This site is optimized with the Yoast SEO plugin v27.4 - https:\/\/yoast.com\/product\/yoast-seo-wordpress\/ -->\n<title>STIHL Stockage appropri\u00e9 des batteries lithium-ion<\/title>\n<meta name=\"description\" content=\"Un entretien appropri\u00e9 de la batterie est essentiel pour une longue dur\u00e9e de vie Cela s&#039;applique non seulement lors de l&#039;utilisation de la batterie ma...\" \/>\n<meta name=\"robots\" content=\"noindex, follow, max-snippet:-1, max-image-preview:large, max-video-preview:-1\" \/>\n<meta property=\"og:locale\" content=\"fr_FR\" \/>\n<meta property=\"og:type\" content=\"article\" \/>\n<meta property=\"og:title\" content=\"STIHL Stockage appropri\u00e9 des batteries lithium-ion\" \/>\n<meta property=\"og:description\" content=\"Un entretien appropri\u00e9 de la batterie est essentiel pour une longue dur\u00e9e de vie Cela s&#039;applique non seulement lors de l&#039;utilisation de la batterie ma...\" \/>\n<meta property=\"og:url\" content=\"https:\/\/landscapingdealer.com\/fr\/stockage-approprie-des-batteries-lithium-ion\/\" \/>\n<meta property=\"og:site_name\" content=\"Landscaping Dealer\" \/>\n<meta property=\"article:modified_time\" content=\"2026-01-19T01:39:40+00:00\" \/>\n<meta name=\"twitter:card\" content=\"summary_large_image\" \/>\n<meta name=\"twitter:title\" content=\"STIHL Stockage appropri\u00e9 des batteries lithium-ion\" \/>\n<meta name=\"twitter:description\" content=\"Un entretien appropri\u00e9 de la batterie est essentiel pour une longue dur\u00e9e de vie Cela s&#039;applique non seulement lors de l&#039;utilisation de la batterie ma...\" \/>\n<script type=\"application\/ld+json\" class=\"yoast-schema-graph\">{\"@context\":\"https:\\\/\\\/schema.org\",\"@graph\":[{\"@type\":\"WebPage\",\"@id\":\"https:\\\/\\\/landscapingdealer.com\\\/fr\\\/stockage-approprie-des-batteries-lithium-ion\\\/\",\"url\":\"https:\\\/\\\/landscapingdealer.com\\\/fr\\\/stockage-approprie-des-batteries-lithium-ion\\\/\",\"name\":\"STIHL Stockage appropri\u00e9 des batteries lithium-ion\",\"isPartOf\":{\"@id\":\"https:\\\/\\\/landscapingdealer.com\\\/fr\\\/#website\"},\"datePublished\":\"2025-05-24T15:53:39+00:00\",\"dateModified\":\"2026-01-19T01:39:40+00:00\",\"description\":\"Un entretien appropri\u00e9 de la batterie est essentiel pour une longue dur\u00e9e de vie Cela s'applique non seulement lors de l'utilisation de la batterie ma...\",\"breadcrumb\":{\"@id\":\"https:\\\/\\\/landscapingdealer.com\\\/fr\\\/stockage-approprie-des-batteries-lithium-ion\\\/#breadcrumb\"},\"inLanguage\":\"fr-BE\",\"potentialAction\":[{\"@type\":\"ReadAction\",\"target\":[\"https:\\\/\\\/landscapingdealer.com\\\/fr\\\/stockage-approprie-des-batteries-lithium-ion\\\/\"]}]},{\"@type\":\"BreadcrumbList\",\"@id\":\"https:\\\/\\\/landscapingdealer.com\\\/fr\\\/stockage-approprie-des-batteries-lithium-ion\\\/#breadcrumb\",\"itemListElement\":[{\"@type\":\"ListItem\",\"position\":1,\"name\":\"Home\",\"item\":\"https:\\\/\\\/landscapingdealer.com\\\/fr\\\/page-daccueil-nouveau\\\/\"},{\"@type\":\"ListItem\",\"position\":2,\"name\":\"Stockage appropri\u00e9 des batteries lithium-ion\"}]},{\"@type\":\"WebSite\",\"@id\":\"https:\\\/\\\/landscapingdealer.com\\\/fr\\\/#website\",\"url\":\"https:\\\/\\\/landscapingdealer.com\\\/fr\\\/\",\"name\":\"Landscaping Dealer\",\"description\":\"Just another WordPress site\",\"potentialAction\":[{\"@type\":\"SearchAction\",\"target\":{\"@type\":\"EntryPoint\",\"urlTemplate\":\"https:\\\/\\\/landscapingdealer.com\\\/fr\\\/?s={search_term_string}\"},\"query-input\":{\"@type\":\"PropertyValueSpecification\",\"valueRequired\":true,\"valueName\":\"search_term_string\"}}],\"inLanguage\":\"fr-BE\"}]}<\/script>\n<!-- \/ Yoast SEO plugin. -->","yoast_head_json":{"title":"STIHL Stockage appropri\u00e9 des batteries lithium-ion","description":"Un entretien appropri\u00e9 de la batterie est essentiel pour une longue dur\u00e9e de vie Cela s'applique non seulement lors de l'utilisation de la batterie ma...","robots":{"index":"noindex","follow":"follow","max-snippet":"max-snippet:-1","max-image-preview":"max-image-preview:large","max-video-preview":"max-video-preview:-1"},"og_locale":"fr_FR","og_type":"article","og_title":"STIHL Stockage appropri\u00e9 des batteries lithium-ion","og_description":"Un entretien appropri\u00e9 de la batterie est essentiel pour une longue dur\u00e9e de vie Cela s'applique non seulement lors de l'utilisation de la batterie ma...","og_url":"https:\/\/landscapingdealer.com\/fr\/stockage-approprie-des-batteries-lithium-ion\/","og_site_name":"Landscaping Dealer","article_modified_time":"2026-01-19T01:39:40+00:00","twitter_card":"summary_large_image","twitter_title":"STIHL Stockage appropri\u00e9 des batteries lithium-ion","twitter_description":"Un entretien appropri\u00e9 de la batterie est essentiel pour une longue dur\u00e9e de vie Cela s'applique non seulement lors de l'utilisation de la batterie ma...","schema":{"@context":"https:\/\/schema.org","@graph":[{"@type":"WebPage","@id":"https:\/\/landscapingdealer.com\/fr\/stockage-approprie-des-batteries-lithium-ion\/","url":"https:\/\/landscapingdealer.com\/fr\/stockage-approprie-des-batteries-lithium-ion\/","name":"STIHL Stockage appropri\u00e9 des batteries lithium-ion","isPartOf":{"@id":"https:\/\/landscapingdealer.com\/fr\/#website"},"datePublished":"2025-05-24T15:53:39+00:00","dateModified":"2026-01-19T01:39:40+00:00","description":"Un entretien appropri\u00e9 de la batterie est essentiel pour une longue dur\u00e9e de vie Cela s'applique non seulement lors de l'utilisation de la batterie ma...","breadcrumb":{"@id":"https:\/\/landscapingdealer.com\/fr\/stockage-approprie-des-batteries-lithium-ion\/#breadcrumb"},"inLanguage":"fr-BE","potentialAction":[{"@type":"ReadAction","target":["https:\/\/landscapingdealer.com\/fr\/stockage-approprie-des-batteries-lithium-ion\/"]}]},{"@type":"BreadcrumbList","@id":"https:\/\/landscapingdealer.com\/fr\/stockage-approprie-des-batteries-lithium-ion\/#breadcrumb","itemListElement":[{"@type":"ListItem","position":1,"name":"Home","item":"https:\/\/landscapingdealer.com\/fr\/page-daccueil-nouveau\/"},{"@type":"ListItem","position":2,"name":"Stockage appropri\u00e9 des batteries lithium-ion"}]},{"@type":"WebSite","@id":"https:\/\/landscapingdealer.com\/fr\/#website","url":"https:\/\/landscapingdealer.com\/fr\/","name":"Landscaping Dealer","description":"Just another WordPress site","potentialAction":[{"@type":"SearchAction","target":{"@type":"EntryPoint","urlTemplate":"https:\/\/landscapingdealer.com\/fr\/?s={search_term_string}"},"query-input":{"@type":"PropertyValueSpecification","valueRequired":true,"valueName":"search_term_string"}}],"inLanguage":"fr-BE"}]}},"_links":{"self":[{"href":"https:\/\/landscapingdealer.com\/fr\/wp-json\/wp\/v2\/pages\/1113331","targetHints":{"allow":["GET"]}}],"collection":[{"href":"https:\/\/landscapingdealer.com\/fr\/wp-json\/wp\/v2\/pages"}],"about":[{"href":"https:\/\/landscapingdealer.com\/fr\/wp-json\/wp\/v2\/types\/page"}],"author":[{"embeddable":true,"href":"https:\/\/landscapingdealer.com\/fr\/wp-json\/wp\/v2\/users\/1"}],"replies":[{"embeddable":true,"href":"https:\/\/landscapingdealer.com\/fr\/wp-json\/wp\/v2\/comments?post=1113331"}],"version-history":[{"count":1,"href":"https:\/\/landscapingdealer.com\/fr\/wp-json\/wp\/v2\/pages\/1113331\/revisions"}],"predecessor-version":[{"id":1116684,"href":"https:\/\/landscapingdealer.com\/fr\/wp-json\/wp\/v2\/pages\/1113331\/revisions\/1116684"}],"wp:attachment":[{"href":"https:\/\/landscapingdealer.com\/fr\/wp-json\/wp\/v2\/media?parent=1113331"}],"curies":[{"name":"wp","href":"https:\/\/api.w.org\/{rel}","templated":true}]}}