{"id":1113345,"date":"2025-05-24T15:53:51","date_gmt":"2025-05-24T15:53:51","guid":{"rendered":"https:\/\/landscapingdealer.com\/pose-dune-pelouse\/"},"modified":"2026-01-19T01:39:56","modified_gmt":"2026-01-19T01:39:56","slug":"pose-dune-pelouse","status":"publish","type":"page","link":"https:\/\/landscapingdealer.com\/fr\/pose-dune-pelouse\/","title":{"rendered":"Pose d&rsquo;une pelouse"},"content":{"rendered":"","protected":false},"excerpt":{"rendered":"","protected":false},"author":1,"featured_media":0,"parent":0,"menu_order":0,"comment_status":"closed","ping_status":"closed","template":"page.php","meta":{"_acf_changed":false,"footnotes":""},"class_list":["post-1113345","page","type-page","status-publish","hentry"],"acf":[],"yoast_head":"<!-- This site is optimized with the Yoast SEO plugin v27.4 - https:\/\/yoast.com\/product\/yoast-seo-wordpress\/ -->\n<title>STIHL Pose d&#039;une pelouse<\/title>\n<meta name=\"description\" content=\"Vous souhaitez poser du gazon Nous vous montrons \u00e9tape par \u00e9tape comment poser rapidement la pelouse parfaite Vous recevrez \u00e9galement des conseils d&#039;...\" \/>\n<meta name=\"robots\" content=\"noindex, follow, max-snippet:-1, max-image-preview:large, max-video-preview:-1\" \/>\n<meta property=\"og:locale\" content=\"fr_FR\" \/>\n<meta property=\"og:type\" content=\"article\" \/>\n<meta property=\"og:title\" content=\"STIHL Pose d&#039;une pelouse\" \/>\n<meta property=\"og:description\" content=\"Vous souhaitez poser du gazon Nous vous montrons \u00e9tape par \u00e9tape comment poser rapidement la pelouse parfaite Vous recevrez \u00e9galement des conseils d&#039;...\" \/>\n<meta property=\"og:url\" content=\"https:\/\/landscapingdealer.com\/fr\/pose-dune-pelouse\/\" \/>\n<meta property=\"og:site_name\" content=\"Landscaping Dealer\" \/>\n<meta property=\"article:modified_time\" content=\"2026-01-19T01:39:56+00:00\" \/>\n<meta name=\"twitter:card\" content=\"summary_large_image\" \/>\n<meta name=\"twitter:title\" content=\"STIHL Pose d&#039;une pelouse\" \/>\n<meta name=\"twitter:description\" content=\"Vous souhaitez poser du gazon Nous vous montrons \u00e9tape par \u00e9tape comment poser rapidement la pelouse parfaite Vous recevrez \u00e9galement des conseils d&#039;...\" \/>\n<script type=\"application\/ld+json\" class=\"yoast-schema-graph\">{\"@context\":\"https:\\\/\\\/schema.org\",\"@graph\":[{\"@type\":\"WebPage\",\"@id\":\"https:\\\/\\\/landscapingdealer.com\\\/fr\\\/pose-dune-pelouse\\\/\",\"url\":\"https:\\\/\\\/landscapingdealer.com\\\/fr\\\/pose-dune-pelouse\\\/\",\"name\":\"STIHL Pose d'une pelouse\",\"isPartOf\":{\"@id\":\"https:\\\/\\\/landscapingdealer.com\\\/fr\\\/#website\"},\"datePublished\":\"2025-05-24T15:53:51+00:00\",\"dateModified\":\"2026-01-19T01:39:56+00:00\",\"description\":\"Vous souhaitez poser du gazon Nous vous montrons \u00e9tape par \u00e9tape comment poser rapidement la pelouse parfaite Vous recevrez \u00e9galement des conseils d'...\",\"breadcrumb\":{\"@id\":\"https:\\\/\\\/landscapingdealer.com\\\/fr\\\/pose-dune-pelouse\\\/#breadcrumb\"},\"inLanguage\":\"fr-BE\",\"potentialAction\":[{\"@type\":\"ReadAction\",\"target\":[\"https:\\\/\\\/landscapingdealer.com\\\/fr\\\/pose-dune-pelouse\\\/\"]}]},{\"@type\":\"BreadcrumbList\",\"@id\":\"https:\\\/\\\/landscapingdealer.com\\\/fr\\\/pose-dune-pelouse\\\/#breadcrumb\",\"itemListElement\":[{\"@type\":\"ListItem\",\"position\":1,\"name\":\"Home\",\"item\":\"https:\\\/\\\/landscapingdealer.com\\\/fr\\\/page-daccueil-nouveau\\\/\"},{\"@type\":\"ListItem\",\"position\":2,\"name\":\"Pose d&#8217;une pelouse\"}]},{\"@type\":\"WebSite\",\"@id\":\"https:\\\/\\\/landscapingdealer.com\\\/fr\\\/#website\",\"url\":\"https:\\\/\\\/landscapingdealer.com\\\/fr\\\/\",\"name\":\"Landscaping Dealer\",\"description\":\"Just another WordPress site\",\"potentialAction\":[{\"@type\":\"SearchAction\",\"target\":{\"@type\":\"EntryPoint\",\"urlTemplate\":\"https:\\\/\\\/landscapingdealer.com\\\/fr\\\/?s={search_term_string}\"},\"query-input\":{\"@type\":\"PropertyValueSpecification\",\"valueRequired\":true,\"valueName\":\"search_term_string\"}}],\"inLanguage\":\"fr-BE\"}]}<\/script>\n<!-- \/ Yoast SEO plugin. -->","yoast_head_json":{"title":"STIHL Pose d'une pelouse","description":"Vous souhaitez poser du gazon Nous vous montrons \u00e9tape par \u00e9tape comment poser rapidement la pelouse parfaite Vous recevrez \u00e9galement des conseils d'...","robots":{"index":"noindex","follow":"follow","max-snippet":"max-snippet:-1","max-image-preview":"max-image-preview:large","max-video-preview":"max-video-preview:-1"},"og_locale":"fr_FR","og_type":"article","og_title":"STIHL Pose d'une pelouse","og_description":"Vous souhaitez poser du gazon Nous vous montrons \u00e9tape par \u00e9tape comment poser rapidement la pelouse parfaite Vous recevrez \u00e9galement des conseils d'...","og_url":"https:\/\/landscapingdealer.com\/fr\/pose-dune-pelouse\/","og_site_name":"Landscaping Dealer","article_modified_time":"2026-01-19T01:39:56+00:00","twitter_card":"summary_large_image","twitter_title":"STIHL Pose d'une pelouse","twitter_description":"Vous souhaitez poser du gazon Nous vous montrons \u00e9tape par \u00e9tape comment poser rapidement la pelouse parfaite Vous recevrez \u00e9galement des conseils d'...","schema":{"@context":"https:\/\/schema.org","@graph":[{"@type":"WebPage","@id":"https:\/\/landscapingdealer.com\/fr\/pose-dune-pelouse\/","url":"https:\/\/landscapingdealer.com\/fr\/pose-dune-pelouse\/","name":"STIHL Pose d'une pelouse","isPartOf":{"@id":"https:\/\/landscapingdealer.com\/fr\/#website"},"datePublished":"2025-05-24T15:53:51+00:00","dateModified":"2026-01-19T01:39:56+00:00","description":"Vous souhaitez poser du gazon Nous vous montrons \u00e9tape par \u00e9tape comment poser rapidement la pelouse parfaite Vous recevrez \u00e9galement des conseils d'...","breadcrumb":{"@id":"https:\/\/landscapingdealer.com\/fr\/pose-dune-pelouse\/#breadcrumb"},"inLanguage":"fr-BE","potentialAction":[{"@type":"ReadAction","target":["https:\/\/landscapingdealer.com\/fr\/pose-dune-pelouse\/"]}]},{"@type":"BreadcrumbList","@id":"https:\/\/landscapingdealer.com\/fr\/pose-dune-pelouse\/#breadcrumb","itemListElement":[{"@type":"ListItem","position":1,"name":"Home","item":"https:\/\/landscapingdealer.com\/fr\/page-daccueil-nouveau\/"},{"@type":"ListItem","position":2,"name":"Pose d&#8217;une pelouse"}]},{"@type":"WebSite","@id":"https:\/\/landscapingdealer.com\/fr\/#website","url":"https:\/\/landscapingdealer.com\/fr\/","name":"Landscaping Dealer","description":"Just another WordPress site","potentialAction":[{"@type":"SearchAction","target":{"@type":"EntryPoint","urlTemplate":"https:\/\/landscapingdealer.com\/fr\/?s={search_term_string}"},"query-input":{"@type":"PropertyValueSpecification","valueRequired":true,"valueName":"search_term_string"}}],"inLanguage":"fr-BE"}]}},"_links":{"self":[{"href":"https:\/\/landscapingdealer.com\/fr\/wp-json\/wp\/v2\/pages\/1113345","targetHints":{"allow":["GET"]}}],"collection":[{"href":"https:\/\/landscapingdealer.com\/fr\/wp-json\/wp\/v2\/pages"}],"about":[{"href":"https:\/\/landscapingdealer.com\/fr\/wp-json\/wp\/v2\/types\/page"}],"author":[{"embeddable":true,"href":"https:\/\/landscapingdealer.com\/fr\/wp-json\/wp\/v2\/users\/1"}],"replies":[{"embeddable":true,"href":"https:\/\/landscapingdealer.com\/fr\/wp-json\/wp\/v2\/comments?post=1113345"}],"version-history":[{"count":1,"href":"https:\/\/landscapingdealer.com\/fr\/wp-json\/wp\/v2\/pages\/1113345\/revisions"}],"predecessor-version":[{"id":1116686,"href":"https:\/\/landscapingdealer.com\/fr\/wp-json\/wp\/v2\/pages\/1113345\/revisions\/1116686"}],"wp:attachment":[{"href":"https:\/\/landscapingdealer.com\/fr\/wp-json\/wp\/v2\/media?parent=1113345"}],"curies":[{"name":"wp","href":"https:\/\/api.w.org\/{rel}","templated":true}]}}