{"id":1113351,"date":"2025-05-24T15:53:50","date_gmt":"2025-05-24T15:53:50","guid":{"rendered":"https:\/\/landscapingdealer.com\/assemblage-dune-tronconneuse\/"},"modified":"2026-01-19T01:40:07","modified_gmt":"2026-01-19T01:40:07","slug":"assemblage-dune-tronconneuse","status":"publish","type":"page","link":"https:\/\/landscapingdealer.com\/fr\/assemblage-dune-tronconneuse\/","title":{"rendered":"Assemblage d&rsquo;une tron\u00e7onneuse"},"content":{"rendered":"","protected":false},"excerpt":{"rendered":"","protected":false},"author":1,"featured_media":0,"parent":0,"menu_order":0,"comment_status":"closed","ping_status":"closed","template":"page.php","meta":{"_acf_changed":false,"footnotes":""},"class_list":["post-1113351","page","type-page","status-publish","hentry"],"acf":[],"yoast_head":"<!-- This site is optimized with the Yoast SEO plugin v27.4 - https:\/\/yoast.com\/product\/yoast-seo-wordpress\/ -->\n<title>STIHL Assemblage d&#039;une tron\u00e7onneuse<\/title>\n<meta name=\"description\" content=\"Vous souhaitez assembler votre tron\u00e7onneuse Nous vous montrons comment installer correctement une cha\u00eene sur une tron\u00e7onneuse et pr\u00e9parer la machine ...\" \/>\n<meta name=\"robots\" content=\"noindex, follow, max-snippet:-1, max-image-preview:large, max-video-preview:-1\" \/>\n<meta property=\"og:locale\" content=\"fr_FR\" \/>\n<meta property=\"og:type\" content=\"article\" \/>\n<meta property=\"og:title\" content=\"STIHL Assemblage d&#039;une tron\u00e7onneuse\" \/>\n<meta property=\"og:description\" content=\"Vous souhaitez assembler votre tron\u00e7onneuse Nous vous montrons comment installer correctement une cha\u00eene sur une tron\u00e7onneuse et pr\u00e9parer la machine ...\" \/>\n<meta property=\"og:url\" content=\"https:\/\/landscapingdealer.com\/fr\/assemblage-dune-tronconneuse\/\" \/>\n<meta property=\"og:site_name\" content=\"Landscaping Dealer\" \/>\n<meta property=\"article:modified_time\" content=\"2026-01-19T01:40:07+00:00\" \/>\n<meta name=\"twitter:card\" content=\"summary_large_image\" \/>\n<meta name=\"twitter:title\" content=\"STIHL Assemblage d&#039;une tron\u00e7onneuse\" \/>\n<meta name=\"twitter:description\" content=\"Vous souhaitez assembler votre tron\u00e7onneuse Nous vous montrons comment installer correctement une cha\u00eene sur une tron\u00e7onneuse et pr\u00e9parer la machine ...\" \/>\n<script type=\"application\/ld+json\" class=\"yoast-schema-graph\">{\"@context\":\"https:\\\/\\\/schema.org\",\"@graph\":[{\"@type\":\"WebPage\",\"@id\":\"https:\\\/\\\/landscapingdealer.com\\\/fr\\\/assemblage-dune-tronconneuse\\\/\",\"url\":\"https:\\\/\\\/landscapingdealer.com\\\/fr\\\/assemblage-dune-tronconneuse\\\/\",\"name\":\"STIHL Assemblage d'une tron\u00e7onneuse\",\"isPartOf\":{\"@id\":\"https:\\\/\\\/landscapingdealer.com\\\/fr\\\/#website\"},\"datePublished\":\"2025-05-24T15:53:50+00:00\",\"dateModified\":\"2026-01-19T01:40:07+00:00\",\"description\":\"Vous souhaitez assembler votre tron\u00e7onneuse Nous vous montrons comment installer correctement une cha\u00eene sur une tron\u00e7onneuse et pr\u00e9parer la machine ...\",\"breadcrumb\":{\"@id\":\"https:\\\/\\\/landscapingdealer.com\\\/fr\\\/assemblage-dune-tronconneuse\\\/#breadcrumb\"},\"inLanguage\":\"fr-BE\",\"potentialAction\":[{\"@type\":\"ReadAction\",\"target\":[\"https:\\\/\\\/landscapingdealer.com\\\/fr\\\/assemblage-dune-tronconneuse\\\/\"]}]},{\"@type\":\"BreadcrumbList\",\"@id\":\"https:\\\/\\\/landscapingdealer.com\\\/fr\\\/assemblage-dune-tronconneuse\\\/#breadcrumb\",\"itemListElement\":[{\"@type\":\"ListItem\",\"position\":1,\"name\":\"Home\",\"item\":\"https:\\\/\\\/landscapingdealer.com\\\/fr\\\/page-daccueil-nouveau\\\/\"},{\"@type\":\"ListItem\",\"position\":2,\"name\":\"Assemblage d&#8217;une tron\u00e7onneuse\"}]},{\"@type\":\"WebSite\",\"@id\":\"https:\\\/\\\/landscapingdealer.com\\\/fr\\\/#website\",\"url\":\"https:\\\/\\\/landscapingdealer.com\\\/fr\\\/\",\"name\":\"Landscaping Dealer\",\"description\":\"Just another WordPress site\",\"potentialAction\":[{\"@type\":\"SearchAction\",\"target\":{\"@type\":\"EntryPoint\",\"urlTemplate\":\"https:\\\/\\\/landscapingdealer.com\\\/fr\\\/?s={search_term_string}\"},\"query-input\":{\"@type\":\"PropertyValueSpecification\",\"valueRequired\":true,\"valueName\":\"search_term_string\"}}],\"inLanguage\":\"fr-BE\"}]}<\/script>\n<!-- \/ Yoast SEO plugin. -->","yoast_head_json":{"title":"STIHL Assemblage d'une tron\u00e7onneuse","description":"Vous souhaitez assembler votre tron\u00e7onneuse Nous vous montrons comment installer correctement une cha\u00eene sur une tron\u00e7onneuse et pr\u00e9parer la machine ...","robots":{"index":"noindex","follow":"follow","max-snippet":"max-snippet:-1","max-image-preview":"max-image-preview:large","max-video-preview":"max-video-preview:-1"},"og_locale":"fr_FR","og_type":"article","og_title":"STIHL Assemblage d'une tron\u00e7onneuse","og_description":"Vous souhaitez assembler votre tron\u00e7onneuse Nous vous montrons comment installer correctement une cha\u00eene sur une tron\u00e7onneuse et pr\u00e9parer la machine ...","og_url":"https:\/\/landscapingdealer.com\/fr\/assemblage-dune-tronconneuse\/","og_site_name":"Landscaping Dealer","article_modified_time":"2026-01-19T01:40:07+00:00","twitter_card":"summary_large_image","twitter_title":"STIHL Assemblage d'une tron\u00e7onneuse","twitter_description":"Vous souhaitez assembler votre tron\u00e7onneuse Nous vous montrons comment installer correctement une cha\u00eene sur une tron\u00e7onneuse et pr\u00e9parer la machine ...","schema":{"@context":"https:\/\/schema.org","@graph":[{"@type":"WebPage","@id":"https:\/\/landscapingdealer.com\/fr\/assemblage-dune-tronconneuse\/","url":"https:\/\/landscapingdealer.com\/fr\/assemblage-dune-tronconneuse\/","name":"STIHL Assemblage d'une tron\u00e7onneuse","isPartOf":{"@id":"https:\/\/landscapingdealer.com\/fr\/#website"},"datePublished":"2025-05-24T15:53:50+00:00","dateModified":"2026-01-19T01:40:07+00:00","description":"Vous souhaitez assembler votre tron\u00e7onneuse Nous vous montrons comment installer correctement une cha\u00eene sur une tron\u00e7onneuse et pr\u00e9parer la machine ...","breadcrumb":{"@id":"https:\/\/landscapingdealer.com\/fr\/assemblage-dune-tronconneuse\/#breadcrumb"},"inLanguage":"fr-BE","potentialAction":[{"@type":"ReadAction","target":["https:\/\/landscapingdealer.com\/fr\/assemblage-dune-tronconneuse\/"]}]},{"@type":"BreadcrumbList","@id":"https:\/\/landscapingdealer.com\/fr\/assemblage-dune-tronconneuse\/#breadcrumb","itemListElement":[{"@type":"ListItem","position":1,"name":"Home","item":"https:\/\/landscapingdealer.com\/fr\/page-daccueil-nouveau\/"},{"@type":"ListItem","position":2,"name":"Assemblage d&#8217;une tron\u00e7onneuse"}]},{"@type":"WebSite","@id":"https:\/\/landscapingdealer.com\/fr\/#website","url":"https:\/\/landscapingdealer.com\/fr\/","name":"Landscaping Dealer","description":"Just another WordPress site","potentialAction":[{"@type":"SearchAction","target":{"@type":"EntryPoint","urlTemplate":"https:\/\/landscapingdealer.com\/fr\/?s={search_term_string}"},"query-input":{"@type":"PropertyValueSpecification","valueRequired":true,"valueName":"search_term_string"}}],"inLanguage":"fr-BE"}]}},"_links":{"self":[{"href":"https:\/\/landscapingdealer.com\/fr\/wp-json\/wp\/v2\/pages\/1113351","targetHints":{"allow":["GET"]}}],"collection":[{"href":"https:\/\/landscapingdealer.com\/fr\/wp-json\/wp\/v2\/pages"}],"about":[{"href":"https:\/\/landscapingdealer.com\/fr\/wp-json\/wp\/v2\/types\/page"}],"author":[{"embeddable":true,"href":"https:\/\/landscapingdealer.com\/fr\/wp-json\/wp\/v2\/users\/1"}],"replies":[{"embeddable":true,"href":"https:\/\/landscapingdealer.com\/fr\/wp-json\/wp\/v2\/comments?post=1113351"}],"version-history":[{"count":1,"href":"https:\/\/landscapingdealer.com\/fr\/wp-json\/wp\/v2\/pages\/1113351\/revisions"}],"predecessor-version":[{"id":1116687,"href":"https:\/\/landscapingdealer.com\/fr\/wp-json\/wp\/v2\/pages\/1113351\/revisions\/1116687"}],"wp:attachment":[{"href":"https:\/\/landscapingdealer.com\/fr\/wp-json\/wp\/v2\/media?parent=1113351"}],"curies":[{"name":"wp","href":"https:\/\/api.w.org\/{rel}","templated":true}]}}