{"id":1127920,"date":"2016-01-06T01:01:36","date_gmt":"2016-01-06T01:01:36","guid":{"rendered":"https:\/\/landscapingdealer.com\/clause-de-non-responsabilite\/"},"modified":"2016-01-06T01:01:36","modified_gmt":"2016-01-06T01:01:36","slug":"clause-de-non-responsabilite","status":"publish","type":"page","link":"https:\/\/landscapingdealer.com\/fr\/clause-de-non-responsabilite\/","title":{"rendered":"Clause de non-responsabilit\u00e9"},"content":{"rendered":"<p class=\"\" data-start=\"60\" data-end=\"78\"><strong data-start=\"60\" data-end=\"78\">Droit d&rsquo;auteur<\/strong><\/p>\n<p class=\"\" data-start=\"80\" data-end=\"1105\">Tous les \u00e9l\u00e9ments de ce site qui sont prot\u00e9g\u00e9s par le droit d&rsquo;auteur, y compris, mais sans s&rsquo;y limiter, les textes, les graphiques, les images, les logos, les ic\u00f4nes, les t\u00e9l\u00e9chargements num\u00e9riques, les bases de donn\u00e9es, les outils logiciels, les fichiers sonores, ainsi que la s\u00e9lection et la disposition de ces \u00e9l\u00e9ments, sont <strong data-start=\"368\" data-end=\"397\">TOUS DROITS R\u00c9SERV\u00c9S<\/strong>. Copyright \u00a9 2016 ________________ et\/ou les cr\u00e9ateurs originaux du mat\u00e9riel. La conception et la pr\u00e9sentation du site sont <strong data-start=\"531\" data-end=\"560\">TOUS DROITS R\u00c9SERV\u00c9S<\/strong>. Aucun \u00e9l\u00e9ment ne peut \u00eatre copi\u00e9, reproduit, distribu\u00e9, republi\u00e9, t\u00e9l\u00e9charg\u00e9, affich\u00e9, post\u00e9 ou transmis sous quelque forme ou par quelque moyen que ce soit \u00e0 des fins commerciales ou au profit d&rsquo;un autre commer\u00e7ant sans l&rsquo;autorisation \u00e9crite pr\u00e9alable de ________________ et\/ou du d\u00e9tenteur des droits d&rsquo;auteur. Vous ne pouvez pas utiliser de techniques de cadrage pour inclure une marque, un logo, une image, un texte, une mise en page ou d&rsquo;autres informations exclusives de _______________.    <\/p>\n<hr class=\"\" data-start=\"1107\" data-end=\"1110\">\n<p class=\"\" data-start=\"1112\" data-end=\"1129\"><strong data-start=\"1112\" data-end=\"1129\">MARQUE<\/strong><\/p>\n<p class=\"\" data-start=\"1131\" data-end=\"1798\">Hot Spring, Vista, Sovereign, Vanguard, Grandee, Jetsetter, Envoy, Prodigy, Hot Spot, Tempo, Moto-Massage, Quartet Precision, Precision Jet Cluster, Comfort Control, IQ2020, No-fault, EverFresh, FreshWaterAg+, TubCap, Soothing Seven, Precision Jets, Simply The Most Reliable Made, Jet Cluster, Silent Flo, Wavemaster, Barrier-Free, FreshWater, BellaFontana, WellSpring, SmartJet, SpAudio, Everwood, SureWood, Splendors, Luminescence, Clarion, Amur sont des marques commerciales ou des marques d\u00e9pos\u00e9es de Watkins Manufacturing Corporation. Tous les autres produits et noms de soci\u00e9t\u00e9s mentionn\u00e9s sont des marques commerciales ou des marques d\u00e9pos\u00e9es de leurs propri\u00e9taires respectifs. <\/p>\n","protected":false},"excerpt":{"rendered":"<p>Droit d&rsquo;auteur Tous les \u00e9l\u00e9ments de ce site qui sont prot\u00e9g\u00e9s par le droit d&rsquo;auteur, y compris, mais sans s&rsquo;y limiter, les textes, les graphiques, les images, les logos, les ic\u00f4nes, les t\u00e9l\u00e9chargements num\u00e9riques, les bases de donn\u00e9es, les outils logiciels, les fichiers sonores, ainsi que la s\u00e9lection et la disposition de ces \u00e9l\u00e9ments, sont [&hellip;]<\/p>\n","protected":false},"author":15,"featured_media":0,"parent":0,"menu_order":0,"comment_status":"closed","ping_status":"closed","template":"","meta":{"_acf_changed":false,"footnotes":""},"class_list":["post-1127920","page","type-page","status-publish","hentry"],"acf":[],"yoast_head":"<!-- This site is optimized with the Yoast SEO plugin v27.4 - https:\/\/yoast.com\/product\/yoast-seo-wordpress\/ -->\n<title>Clause de non-responsabilit\u00e9 - Landscaping Dealer<\/title>\n<meta name=\"robots\" content=\"noindex, follow, max-snippet:-1, max-image-preview:large, max-video-preview:-1\" \/>\n<meta property=\"og:locale\" content=\"fr_FR\" \/>\n<meta property=\"og:type\" content=\"article\" \/>\n<meta property=\"og:title\" content=\"Clause de non-responsabilit\u00e9 - Landscaping Dealer\" \/>\n<meta property=\"og:description\" content=\"Droit d&rsquo;auteur Tous les \u00e9l\u00e9ments de ce site qui sont prot\u00e9g\u00e9s par le droit d&rsquo;auteur, y compris, mais sans s&rsquo;y limiter, les textes, les graphiques, les images, les logos, les ic\u00f4nes, les t\u00e9l\u00e9chargements num\u00e9riques, les bases de donn\u00e9es, les outils logiciels, les fichiers sonores, ainsi que la s\u00e9lection et la disposition de ces \u00e9l\u00e9ments, sont [&hellip;]\" \/>\n<meta property=\"og:url\" content=\"https:\/\/landscapingdealer.com\/fr\/clause-de-non-responsabilite\/\" \/>\n<meta property=\"og:site_name\" content=\"Landscaping Dealer\" \/>\n<meta name=\"twitter:card\" content=\"summary_large_image\" \/>\n<meta name=\"twitter:label1\" content=\"Dur\u00e9e de lecture est.\" \/>\n\t<meta name=\"twitter:data1\" content=\"1 minute\" \/>\n<script type=\"application\/ld+json\" class=\"yoast-schema-graph\">{\"@context\":\"https:\\\/\\\/schema.org\",\"@graph\":[{\"@type\":\"WebPage\",\"@id\":\"https:\\\/\\\/landscapingdealer.com\\\/fr\\\/clause-de-non-responsabilite\\\/\",\"url\":\"https:\\\/\\\/landscapingdealer.com\\\/fr\\\/clause-de-non-responsabilite\\\/\",\"name\":\"Clause de non-responsabilit\u00e9 - Landscaping Dealer\",\"isPartOf\":{\"@id\":\"https:\\\/\\\/landscapingdealer.com\\\/fr\\\/#website\"},\"datePublished\":\"2016-01-06T01:01:36+00:00\",\"breadcrumb\":{\"@id\":\"https:\\\/\\\/landscapingdealer.com\\\/fr\\\/clause-de-non-responsabilite\\\/#breadcrumb\"},\"inLanguage\":\"fr-BE\",\"potentialAction\":[{\"@type\":\"ReadAction\",\"target\":[\"https:\\\/\\\/landscapingdealer.com\\\/fr\\\/clause-de-non-responsabilite\\\/\"]}]},{\"@type\":\"BreadcrumbList\",\"@id\":\"https:\\\/\\\/landscapingdealer.com\\\/fr\\\/clause-de-non-responsabilite\\\/#breadcrumb\",\"itemListElement\":[{\"@type\":\"ListItem\",\"position\":1,\"name\":\"Home\",\"item\":\"https:\\\/\\\/landscapingdealer.com\\\/fr\\\/page-daccueil-nouveau\\\/\"},{\"@type\":\"ListItem\",\"position\":2,\"name\":\"Clause de non-responsabilit\u00e9\"}]},{\"@type\":\"WebSite\",\"@id\":\"https:\\\/\\\/landscapingdealer.com\\\/fr\\\/#website\",\"url\":\"https:\\\/\\\/landscapingdealer.com\\\/fr\\\/\",\"name\":\"Landscaping Dealer\",\"description\":\"Just another WordPress site\",\"potentialAction\":[{\"@type\":\"SearchAction\",\"target\":{\"@type\":\"EntryPoint\",\"urlTemplate\":\"https:\\\/\\\/landscapingdealer.com\\\/fr\\\/?s={search_term_string}\"},\"query-input\":{\"@type\":\"PropertyValueSpecification\",\"valueRequired\":true,\"valueName\":\"search_term_string\"}}],\"inLanguage\":\"fr-BE\"}]}<\/script>\n<!-- \/ Yoast SEO plugin. -->","yoast_head_json":{"title":"Clause de non-responsabilit\u00e9 - Landscaping Dealer","robots":{"index":"noindex","follow":"follow","max-snippet":"max-snippet:-1","max-image-preview":"max-image-preview:large","max-video-preview":"max-video-preview:-1"},"og_locale":"fr_FR","og_type":"article","og_title":"Clause de non-responsabilit\u00e9 - Landscaping Dealer","og_description":"Droit d&rsquo;auteur Tous les \u00e9l\u00e9ments de ce site qui sont prot\u00e9g\u00e9s par le droit d&rsquo;auteur, y compris, mais sans s&rsquo;y limiter, les textes, les graphiques, les images, les logos, les ic\u00f4nes, les t\u00e9l\u00e9chargements num\u00e9riques, les bases de donn\u00e9es, les outils logiciels, les fichiers sonores, ainsi que la s\u00e9lection et la disposition de ces \u00e9l\u00e9ments, sont [&hellip;]","og_url":"https:\/\/landscapingdealer.com\/fr\/clause-de-non-responsabilite\/","og_site_name":"Landscaping Dealer","twitter_card":"summary_large_image","twitter_misc":{"Dur\u00e9e de lecture est.":"1 minute"},"schema":{"@context":"https:\/\/schema.org","@graph":[{"@type":"WebPage","@id":"https:\/\/landscapingdealer.com\/fr\/clause-de-non-responsabilite\/","url":"https:\/\/landscapingdealer.com\/fr\/clause-de-non-responsabilite\/","name":"Clause de non-responsabilit\u00e9 - Landscaping Dealer","isPartOf":{"@id":"https:\/\/landscapingdealer.com\/fr\/#website"},"datePublished":"2016-01-06T01:01:36+00:00","breadcrumb":{"@id":"https:\/\/landscapingdealer.com\/fr\/clause-de-non-responsabilite\/#breadcrumb"},"inLanguage":"fr-BE","potentialAction":[{"@type":"ReadAction","target":["https:\/\/landscapingdealer.com\/fr\/clause-de-non-responsabilite\/"]}]},{"@type":"BreadcrumbList","@id":"https:\/\/landscapingdealer.com\/fr\/clause-de-non-responsabilite\/#breadcrumb","itemListElement":[{"@type":"ListItem","position":1,"name":"Home","item":"https:\/\/landscapingdealer.com\/fr\/page-daccueil-nouveau\/"},{"@type":"ListItem","position":2,"name":"Clause de non-responsabilit\u00e9"}]},{"@type":"WebSite","@id":"https:\/\/landscapingdealer.com\/fr\/#website","url":"https:\/\/landscapingdealer.com\/fr\/","name":"Landscaping Dealer","description":"Just another WordPress site","potentialAction":[{"@type":"SearchAction","target":{"@type":"EntryPoint","urlTemplate":"https:\/\/landscapingdealer.com\/fr\/?s={search_term_string}"},"query-input":{"@type":"PropertyValueSpecification","valueRequired":true,"valueName":"search_term_string"}}],"inLanguage":"fr-BE"}]}},"_links":{"self":[{"href":"https:\/\/landscapingdealer.com\/fr\/wp-json\/wp\/v2\/pages\/1127920","targetHints":{"allow":["GET"]}}],"collection":[{"href":"https:\/\/landscapingdealer.com\/fr\/wp-json\/wp\/v2\/pages"}],"about":[{"href":"https:\/\/landscapingdealer.com\/fr\/wp-json\/wp\/v2\/types\/page"}],"author":[{"embeddable":true,"href":"https:\/\/landscapingdealer.com\/fr\/wp-json\/wp\/v2\/users\/15"}],"replies":[{"embeddable":true,"href":"https:\/\/landscapingdealer.com\/fr\/wp-json\/wp\/v2\/comments?post=1127920"}],"version-history":[{"count":0,"href":"https:\/\/landscapingdealer.com\/fr\/wp-json\/wp\/v2\/pages\/1127920\/revisions"}],"wp:attachment":[{"href":"https:\/\/landscapingdealer.com\/fr\/wp-json\/wp\/v2\/media?parent=1127920"}],"curies":[{"name":"wp","href":"https:\/\/api.w.org\/{rel}","templated":true}]}}