{"id":1136062,"date":"2025-05-24T15:53:28","date_gmt":"2025-05-24T15:53:28","guid":{"rendered":"https:\/\/landscapingdealer.com\/stihl-fr\/appareils-et-outils-fr\/tondeuses-a-gazon-fr\/"},"modified":"2026-04-25T03:57:18","modified_gmt":"2026-04-25T03:57:18","slug":"tondeuses-a-gazon-fr","status":"publish","type":"page","link":"https:\/\/landscapingdealer.com\/fr\/tondre-et-entretenir-la-terre-fr\/tondeuses-a-gazon-fr\/","title":{"rendered":"Tondeuses \u00e0 gazon"},"content":{"rendered":"","protected":false},"excerpt":{"rendered":"","protected":false},"author":1,"featured_media":0,"parent":1136542,"menu_order":0,"comment_status":"closed","ping_status":"closed","template":"page.php","meta":{"_acf_changed":false,"footnotes":""},"class_list":["post-1136062","page","type-page","status-publish","hentry"],"acf":[],"yoast_head":"<!-- This site is optimized with the Yoast SEO plugin v27.4 - https:\/\/yoast.com\/product\/yoast-seo-wordpress\/ -->\n<title>STIHL Appareils et outils Tondeuses \u00e0 gazon<\/title>\n<meta name=\"description\" content=\"STIHL Appareils et outils Tondeuses \u00e0 gazon Gr\u00e2ce aux tondeuses \u00e0 gazon performantes et efficaces de STIHL vous ne serez plus jamais d\u00e9pass\u00e9 par ...\" \/>\n<meta name=\"robots\" content=\"noindex, follow, max-snippet:-1, max-image-preview:large, max-video-preview:-1\" \/>\n<meta property=\"og:locale\" content=\"fr_FR\" \/>\n<meta property=\"og:type\" content=\"article\" \/>\n<meta property=\"og:title\" content=\"STIHL Appareils et outils Tondeuses \u00e0 gazon\" \/>\n<meta property=\"og:description\" content=\"STIHL Appareils et outils Tondeuses \u00e0 gazon Gr\u00e2ce aux tondeuses \u00e0 gazon performantes et efficaces de STIHL vous ne serez plus jamais d\u00e9pass\u00e9 par ...\" \/>\n<meta property=\"og:url\" content=\"https:\/\/landscapingdealer.com\/fr\/tondre-et-entretenir-la-terre-fr\/tondeuses-a-gazon-fr\/\" \/>\n<meta property=\"og:site_name\" content=\"Landscaping Dealer\" \/>\n<meta property=\"article:modified_time\" content=\"2026-04-25T03:57:18+00:00\" \/>\n<meta name=\"twitter:card\" content=\"summary_large_image\" \/>\n<script type=\"application\/ld+json\" class=\"yoast-schema-graph\">{\"@context\":\"https:\\\/\\\/schema.org\",\"@graph\":[{\"@type\":\"WebPage\",\"@id\":\"https:\\\/\\\/landscapingdealer.com\\\/fr\\\/tondre-et-entretenir-la-terre-fr\\\/tondeuses-a-gazon-fr\\\/\",\"url\":\"https:\\\/\\\/landscapingdealer.com\\\/fr\\\/tondre-et-entretenir-la-terre-fr\\\/tondeuses-a-gazon-fr\\\/\",\"name\":\"STIHL Appareils et outils Tondeuses \u00e0 gazon\",\"isPartOf\":{\"@id\":\"https:\\\/\\\/landscapingdealer.com\\\/fr\\\/#website\"},\"datePublished\":\"2025-05-24T15:53:28+00:00\",\"dateModified\":\"2026-04-25T03:57:18+00:00\",\"description\":\"STIHL Appareils et outils Tondeuses \u00e0 gazon Gr\u00e2ce aux tondeuses \u00e0 gazon performantes et efficaces de STIHL vous ne serez plus jamais d\u00e9pass\u00e9 par ...\",\"breadcrumb\":{\"@id\":\"https:\\\/\\\/landscapingdealer.com\\\/fr\\\/tondre-et-entretenir-la-terre-fr\\\/tondeuses-a-gazon-fr\\\/#breadcrumb\"},\"inLanguage\":\"fr-BE\",\"potentialAction\":[{\"@type\":\"ReadAction\",\"target\":[\"https:\\\/\\\/landscapingdealer.com\\\/fr\\\/tondre-et-entretenir-la-terre-fr\\\/tondeuses-a-gazon-fr\\\/\"]}]},{\"@type\":\"BreadcrumbList\",\"@id\":\"https:\\\/\\\/landscapingdealer.com\\\/fr\\\/tondre-et-entretenir-la-terre-fr\\\/tondeuses-a-gazon-fr\\\/#breadcrumb\",\"itemListElement\":[{\"@type\":\"ListItem\",\"position\":1,\"name\":\"Home\",\"item\":\"https:\\\/\\\/landscapingdealer.com\\\/fr\\\/page-daccueil-nouveau\\\/\"},{\"@type\":\"ListItem\",\"position\":2,\"name\":\"Tondre et entretenir la terre\",\"item\":\"https:\\\/\\\/landscapingdealer.com\\\/fr\\\/tondre-et-entretenir-la-terre-fr\\\/\"},{\"@type\":\"ListItem\",\"position\":3,\"name\":\"Tondeuses \u00e0 gazon\"}]},{\"@type\":\"WebSite\",\"@id\":\"https:\\\/\\\/landscapingdealer.com\\\/fr\\\/#website\",\"url\":\"https:\\\/\\\/landscapingdealer.com\\\/fr\\\/\",\"name\":\"Landscaping Dealer\",\"description\":\"Just another WordPress site\",\"potentialAction\":[{\"@type\":\"SearchAction\",\"target\":{\"@type\":\"EntryPoint\",\"urlTemplate\":\"https:\\\/\\\/landscapingdealer.com\\\/fr\\\/?s={search_term_string}\"},\"query-input\":{\"@type\":\"PropertyValueSpecification\",\"valueRequired\":true,\"valueName\":\"search_term_string\"}}],\"inLanguage\":\"fr-BE\"}]}<\/script>\n<!-- \/ Yoast SEO plugin. -->","yoast_head_json":{"title":"STIHL Appareils et outils Tondeuses \u00e0 gazon","description":"STIHL Appareils et outils Tondeuses \u00e0 gazon Gr\u00e2ce aux tondeuses \u00e0 gazon performantes et efficaces de STIHL vous ne serez plus jamais d\u00e9pass\u00e9 par ...","robots":{"index":"noindex","follow":"follow","max-snippet":"max-snippet:-1","max-image-preview":"max-image-preview:large","max-video-preview":"max-video-preview:-1"},"og_locale":"fr_FR","og_type":"article","og_title":"STIHL Appareils et outils Tondeuses \u00e0 gazon","og_description":"STIHL Appareils et outils Tondeuses \u00e0 gazon Gr\u00e2ce aux tondeuses \u00e0 gazon performantes et efficaces de STIHL vous ne serez plus jamais d\u00e9pass\u00e9 par ...","og_url":"https:\/\/landscapingdealer.com\/fr\/tondre-et-entretenir-la-terre-fr\/tondeuses-a-gazon-fr\/","og_site_name":"Landscaping Dealer","article_modified_time":"2026-04-25T03:57:18+00:00","twitter_card":"summary_large_image","schema":{"@context":"https:\/\/schema.org","@graph":[{"@type":"WebPage","@id":"https:\/\/landscapingdealer.com\/fr\/tondre-et-entretenir-la-terre-fr\/tondeuses-a-gazon-fr\/","url":"https:\/\/landscapingdealer.com\/fr\/tondre-et-entretenir-la-terre-fr\/tondeuses-a-gazon-fr\/","name":"STIHL Appareils et outils Tondeuses \u00e0 gazon","isPartOf":{"@id":"https:\/\/landscapingdealer.com\/fr\/#website"},"datePublished":"2025-05-24T15:53:28+00:00","dateModified":"2026-04-25T03:57:18+00:00","description":"STIHL Appareils et outils Tondeuses \u00e0 gazon Gr\u00e2ce aux tondeuses \u00e0 gazon performantes et efficaces de STIHL vous ne serez plus jamais d\u00e9pass\u00e9 par ...","breadcrumb":{"@id":"https:\/\/landscapingdealer.com\/fr\/tondre-et-entretenir-la-terre-fr\/tondeuses-a-gazon-fr\/#breadcrumb"},"inLanguage":"fr-BE","potentialAction":[{"@type":"ReadAction","target":["https:\/\/landscapingdealer.com\/fr\/tondre-et-entretenir-la-terre-fr\/tondeuses-a-gazon-fr\/"]}]},{"@type":"BreadcrumbList","@id":"https:\/\/landscapingdealer.com\/fr\/tondre-et-entretenir-la-terre-fr\/tondeuses-a-gazon-fr\/#breadcrumb","itemListElement":[{"@type":"ListItem","position":1,"name":"Home","item":"https:\/\/landscapingdealer.com\/fr\/page-daccueil-nouveau\/"},{"@type":"ListItem","position":2,"name":"Tondre et entretenir la terre","item":"https:\/\/landscapingdealer.com\/fr\/tondre-et-entretenir-la-terre-fr\/"},{"@type":"ListItem","position":3,"name":"Tondeuses \u00e0 gazon"}]},{"@type":"WebSite","@id":"https:\/\/landscapingdealer.com\/fr\/#website","url":"https:\/\/landscapingdealer.com\/fr\/","name":"Landscaping Dealer","description":"Just another WordPress site","potentialAction":[{"@type":"SearchAction","target":{"@type":"EntryPoint","urlTemplate":"https:\/\/landscapingdealer.com\/fr\/?s={search_term_string}"},"query-input":{"@type":"PropertyValueSpecification","valueRequired":true,"valueName":"search_term_string"}}],"inLanguage":"fr-BE"}]}},"_links":{"self":[{"href":"https:\/\/landscapingdealer.com\/fr\/wp-json\/wp\/v2\/pages\/1136062","targetHints":{"allow":["GET"]}}],"collection":[{"href":"https:\/\/landscapingdealer.com\/fr\/wp-json\/wp\/v2\/pages"}],"about":[{"href":"https:\/\/landscapingdealer.com\/fr\/wp-json\/wp\/v2\/types\/page"}],"author":[{"embeddable":true,"href":"https:\/\/landscapingdealer.com\/fr\/wp-json\/wp\/v2\/users\/1"}],"replies":[{"embeddable":true,"href":"https:\/\/landscapingdealer.com\/fr\/wp-json\/wp\/v2\/comments?post=1136062"}],"version-history":[{"count":1,"href":"https:\/\/landscapingdealer.com\/fr\/wp-json\/wp\/v2\/pages\/1136062\/revisions"}],"predecessor-version":[{"id":1136341,"href":"https:\/\/landscapingdealer.com\/fr\/wp-json\/wp\/v2\/pages\/1136062\/revisions\/1136341"}],"up":[{"embeddable":true,"href":"https:\/\/landscapingdealer.com\/fr\/wp-json\/wp\/v2\/pages\/1136542"}],"wp:attachment":[{"href":"https:\/\/landscapingdealer.com\/fr\/wp-json\/wp\/v2\/media?parent=1136062"}],"curies":[{"name":"wp","href":"https:\/\/api.w.org\/{rel}","templated":true}]}}