{"id":1136070,"date":"2025-05-24T15:53:24","date_gmt":"2025-05-24T15:53:24","guid":{"rendered":"https:\/\/landscapingdealer.com\/stihl-fr\/appareils-et-outils-fr\/aspirateurs-eau-poussiere-fr\/"},"modified":"2026-04-25T03:57:22","modified_gmt":"2026-04-25T03:57:22","slug":"aspirateurs-eau-poussiere-fr","status":"publish","type":"page","link":"https:\/\/landscapingdealer.com\/fr\/nettoyer-fr\/aspirateurs-eau-poussiere-fr\/","title":{"rendered":"Aspirateurs eau \/ poussi\u00e8re"},"content":{"rendered":"","protected":false},"excerpt":{"rendered":"","protected":false},"author":1,"featured_media":0,"parent":1136543,"menu_order":0,"comment_status":"closed","ping_status":"closed","template":"page.php","meta":{"_acf_changed":false,"footnotes":""},"class_list":["post-1136070","page","type-page","status-publish","hentry"],"acf":[],"yoast_head":"<!-- This site is optimized with the Yoast SEO plugin v27.4 - https:\/\/yoast.com\/product\/yoast-seo-wordpress\/ -->\n<title>STIHL Appareils et outils Aspirateurs eau \/ poussi\u00e8re<\/title>\n<meta name=\"description\" content=\"STIHL Appareils et outils Aspirateurs eau poussi\u00e8re \u00c9liminez les poussi\u00e8res copeaux m\u00e9talliques gravats ou liquides en un clin d\u0153il. Avec le pui...\" \/>\n<meta name=\"robots\" content=\"noindex, follow, max-snippet:-1, max-image-preview:large, max-video-preview:-1\" \/>\n<meta property=\"og:locale\" content=\"fr_FR\" \/>\n<meta property=\"og:type\" content=\"article\" \/>\n<meta property=\"og:title\" content=\"STIHL Appareils et outils Aspirateurs eau \/ poussi\u00e8re\" \/>\n<meta property=\"og:description\" content=\"STIHL Appareils et outils Aspirateurs eau poussi\u00e8re \u00c9liminez les poussi\u00e8res copeaux m\u00e9talliques gravats ou liquides en un clin d\u0153il. Avec le pui...\" \/>\n<meta property=\"og:url\" content=\"https:\/\/landscapingdealer.com\/fr\/nettoyer-fr\/aspirateurs-eau-poussiere-fr\/\" \/>\n<meta property=\"og:site_name\" content=\"Landscaping Dealer\" \/>\n<meta property=\"article:modified_time\" content=\"2026-04-25T03:57:22+00:00\" \/>\n<meta name=\"twitter:card\" content=\"summary_large_image\" \/>\n<script type=\"application\/ld+json\" class=\"yoast-schema-graph\">{\"@context\":\"https:\\\/\\\/schema.org\",\"@graph\":[{\"@type\":\"WebPage\",\"@id\":\"https:\\\/\\\/landscapingdealer.com\\\/fr\\\/nettoyer-fr\\\/aspirateurs-eau-poussiere-fr\\\/\",\"url\":\"https:\\\/\\\/landscapingdealer.com\\\/fr\\\/nettoyer-fr\\\/aspirateurs-eau-poussiere-fr\\\/\",\"name\":\"STIHL Appareils et outils Aspirateurs eau \\\/ poussi\u00e8re\",\"isPartOf\":{\"@id\":\"https:\\\/\\\/landscapingdealer.com\\\/fr\\\/#website\"},\"datePublished\":\"2025-05-24T15:53:24+00:00\",\"dateModified\":\"2026-04-25T03:57:22+00:00\",\"description\":\"STIHL Appareils et outils Aspirateurs eau poussi\u00e8re \u00c9liminez les poussi\u00e8res copeaux m\u00e9talliques gravats ou liquides en un clin d\u0153il. Avec le pui...\",\"breadcrumb\":{\"@id\":\"https:\\\/\\\/landscapingdealer.com\\\/fr\\\/nettoyer-fr\\\/aspirateurs-eau-poussiere-fr\\\/#breadcrumb\"},\"inLanguage\":\"fr-BE\",\"potentialAction\":[{\"@type\":\"ReadAction\",\"target\":[\"https:\\\/\\\/landscapingdealer.com\\\/fr\\\/nettoyer-fr\\\/aspirateurs-eau-poussiere-fr\\\/\"]}]},{\"@type\":\"BreadcrumbList\",\"@id\":\"https:\\\/\\\/landscapingdealer.com\\\/fr\\\/nettoyer-fr\\\/aspirateurs-eau-poussiere-fr\\\/#breadcrumb\",\"itemListElement\":[{\"@type\":\"ListItem\",\"position\":1,\"name\":\"Home\",\"item\":\"https:\\\/\\\/landscapingdealer.com\\\/fr\\\/page-daccueil-nouveau\\\/\"},{\"@type\":\"ListItem\",\"position\":2,\"name\":\"Nettoyer\",\"item\":\"https:\\\/\\\/landscapingdealer.com\\\/fr\\\/nettoyer-fr\\\/\"},{\"@type\":\"ListItem\",\"position\":3,\"name\":\"Aspirateurs eau \\\/ poussi\u00e8re\"}]},{\"@type\":\"WebSite\",\"@id\":\"https:\\\/\\\/landscapingdealer.com\\\/fr\\\/#website\",\"url\":\"https:\\\/\\\/landscapingdealer.com\\\/fr\\\/\",\"name\":\"Landscaping Dealer\",\"description\":\"Just another WordPress site\",\"potentialAction\":[{\"@type\":\"SearchAction\",\"target\":{\"@type\":\"EntryPoint\",\"urlTemplate\":\"https:\\\/\\\/landscapingdealer.com\\\/fr\\\/?s={search_term_string}\"},\"query-input\":{\"@type\":\"PropertyValueSpecification\",\"valueRequired\":true,\"valueName\":\"search_term_string\"}}],\"inLanguage\":\"fr-BE\"}]}<\/script>\n<!-- \/ Yoast SEO plugin. -->","yoast_head_json":{"title":"STIHL Appareils et outils Aspirateurs eau \/ poussi\u00e8re","description":"STIHL Appareils et outils Aspirateurs eau poussi\u00e8re \u00c9liminez les poussi\u00e8res copeaux m\u00e9talliques gravats ou liquides en un clin d\u0153il. Avec le pui...","robots":{"index":"noindex","follow":"follow","max-snippet":"max-snippet:-1","max-image-preview":"max-image-preview:large","max-video-preview":"max-video-preview:-1"},"og_locale":"fr_FR","og_type":"article","og_title":"STIHL Appareils et outils Aspirateurs eau \/ poussi\u00e8re","og_description":"STIHL Appareils et outils Aspirateurs eau poussi\u00e8re \u00c9liminez les poussi\u00e8res copeaux m\u00e9talliques gravats ou liquides en un clin d\u0153il. Avec le pui...","og_url":"https:\/\/landscapingdealer.com\/fr\/nettoyer-fr\/aspirateurs-eau-poussiere-fr\/","og_site_name":"Landscaping Dealer","article_modified_time":"2026-04-25T03:57:22+00:00","twitter_card":"summary_large_image","schema":{"@context":"https:\/\/schema.org","@graph":[{"@type":"WebPage","@id":"https:\/\/landscapingdealer.com\/fr\/nettoyer-fr\/aspirateurs-eau-poussiere-fr\/","url":"https:\/\/landscapingdealer.com\/fr\/nettoyer-fr\/aspirateurs-eau-poussiere-fr\/","name":"STIHL Appareils et outils Aspirateurs eau \/ poussi\u00e8re","isPartOf":{"@id":"https:\/\/landscapingdealer.com\/fr\/#website"},"datePublished":"2025-05-24T15:53:24+00:00","dateModified":"2026-04-25T03:57:22+00:00","description":"STIHL Appareils et outils Aspirateurs eau poussi\u00e8re \u00c9liminez les poussi\u00e8res copeaux m\u00e9talliques gravats ou liquides en un clin d\u0153il. Avec le pui...","breadcrumb":{"@id":"https:\/\/landscapingdealer.com\/fr\/nettoyer-fr\/aspirateurs-eau-poussiere-fr\/#breadcrumb"},"inLanguage":"fr-BE","potentialAction":[{"@type":"ReadAction","target":["https:\/\/landscapingdealer.com\/fr\/nettoyer-fr\/aspirateurs-eau-poussiere-fr\/"]}]},{"@type":"BreadcrumbList","@id":"https:\/\/landscapingdealer.com\/fr\/nettoyer-fr\/aspirateurs-eau-poussiere-fr\/#breadcrumb","itemListElement":[{"@type":"ListItem","position":1,"name":"Home","item":"https:\/\/landscapingdealer.com\/fr\/page-daccueil-nouveau\/"},{"@type":"ListItem","position":2,"name":"Nettoyer","item":"https:\/\/landscapingdealer.com\/fr\/nettoyer-fr\/"},{"@type":"ListItem","position":3,"name":"Aspirateurs eau \/ poussi\u00e8re"}]},{"@type":"WebSite","@id":"https:\/\/landscapingdealer.com\/fr\/#website","url":"https:\/\/landscapingdealer.com\/fr\/","name":"Landscaping Dealer","description":"Just another WordPress site","potentialAction":[{"@type":"SearchAction","target":{"@type":"EntryPoint","urlTemplate":"https:\/\/landscapingdealer.com\/fr\/?s={search_term_string}"},"query-input":{"@type":"PropertyValueSpecification","valueRequired":true,"valueName":"search_term_string"}}],"inLanguage":"fr-BE"}]}},"_links":{"self":[{"href":"https:\/\/landscapingdealer.com\/fr\/wp-json\/wp\/v2\/pages\/1136070","targetHints":{"allow":["GET"]}}],"collection":[{"href":"https:\/\/landscapingdealer.com\/fr\/wp-json\/wp\/v2\/pages"}],"about":[{"href":"https:\/\/landscapingdealer.com\/fr\/wp-json\/wp\/v2\/types\/page"}],"author":[{"embeddable":true,"href":"https:\/\/landscapingdealer.com\/fr\/wp-json\/wp\/v2\/users\/1"}],"replies":[{"embeddable":true,"href":"https:\/\/landscapingdealer.com\/fr\/wp-json\/wp\/v2\/comments?post=1136070"}],"version-history":[{"count":1,"href":"https:\/\/landscapingdealer.com\/fr\/wp-json\/wp\/v2\/pages\/1136070\/revisions"}],"predecessor-version":[{"id":1136349,"href":"https:\/\/landscapingdealer.com\/fr\/wp-json\/wp\/v2\/pages\/1136070\/revisions\/1136349"}],"up":[{"embeddable":true,"href":"https:\/\/landscapingdealer.com\/fr\/wp-json\/wp\/v2\/pages\/1136543"}],"wp:attachment":[{"href":"https:\/\/landscapingdealer.com\/fr\/wp-json\/wp\/v2\/media?parent=1136070"}],"curies":[{"name":"wp","href":"https:\/\/api.w.org\/{rel}","templated":true}]}}