{"id":1136078,"date":"2025-05-24T15:53:25","date_gmt":"2025-05-24T15:53:25","guid":{"rendered":"https:\/\/landscapingdealer.com\/stihl-fr\/appareils-et-outils-fr\/stihl-connected-solutions-connectees-fr\/"},"modified":"2026-04-25T03:57:26","modified_gmt":"2026-04-25T03:57:26","slug":"stihl-connected-solutions-connectees-fr","status":"publish","type":"page","link":"https:\/\/landscapingdealer.com\/fr\/approvisionnement-fr\/stihl-connected-solutions-connectees-fr\/","title":{"rendered":"STIHL connected \/ solutions connect\u00e9es"},"content":{"rendered":"","protected":false},"excerpt":{"rendered":"","protected":false},"author":1,"featured_media":0,"parent":1136544,"menu_order":0,"comment_status":"closed","ping_status":"closed","template":"page.php","meta":{"_acf_changed":false,"footnotes":""},"class_list":["post-1136078","page","type-page","status-publish","hentry"],"acf":[],"yoast_head":"<!-- This site is optimized with the Yoast SEO plugin v27.4 - https:\/\/yoast.com\/product\/yoast-seo-wordpress\/ -->\n<title>Appareils et outils STIHL connected \/ solutions connect\u00e9es<\/title>\n<meta name=\"description\" content=\"STIHL Appareils et outils STIHL connected solutions connect\u00e9es Nous vous proposons un moyen facile pour g\u00e9rer contr\u00f4ler et entretenir votre \u00e9quip...\" \/>\n<meta name=\"robots\" content=\"noindex, follow, max-snippet:-1, max-image-preview:large, max-video-preview:-1\" \/>\n<meta property=\"og:locale\" content=\"fr_FR\" \/>\n<meta property=\"og:type\" content=\"article\" \/>\n<meta property=\"og:title\" content=\"Appareils et outils STIHL connected \/ solutions connect\u00e9es\" \/>\n<meta property=\"og:description\" content=\"STIHL Appareils et outils STIHL connected solutions connect\u00e9es Nous vous proposons un moyen facile pour g\u00e9rer contr\u00f4ler et entretenir votre \u00e9quip...\" \/>\n<meta property=\"og:url\" content=\"https:\/\/landscapingdealer.com\/fr\/approvisionnement-fr\/stihl-connected-solutions-connectees-fr\/\" \/>\n<meta property=\"og:site_name\" content=\"Landscaping Dealer\" \/>\n<meta property=\"article:modified_time\" content=\"2026-04-25T03:57:26+00:00\" \/>\n<meta name=\"twitter:card\" content=\"summary_large_image\" \/>\n<script type=\"application\/ld+json\" class=\"yoast-schema-graph\">{\"@context\":\"https:\\\/\\\/schema.org\",\"@graph\":[{\"@type\":\"WebPage\",\"@id\":\"https:\\\/\\\/landscapingdealer.com\\\/fr\\\/approvisionnement-fr\\\/stihl-connected-solutions-connectees-fr\\\/\",\"url\":\"https:\\\/\\\/landscapingdealer.com\\\/fr\\\/approvisionnement-fr\\\/stihl-connected-solutions-connectees-fr\\\/\",\"name\":\"Appareils et outils STIHL connected \\\/ solutions connect\u00e9es\",\"isPartOf\":{\"@id\":\"https:\\\/\\\/landscapingdealer.com\\\/fr\\\/#website\"},\"datePublished\":\"2025-05-24T15:53:25+00:00\",\"dateModified\":\"2026-04-25T03:57:26+00:00\",\"description\":\"STIHL Appareils et outils STIHL connected solutions connect\u00e9es Nous vous proposons un moyen facile pour g\u00e9rer contr\u00f4ler et entretenir votre \u00e9quip...\",\"breadcrumb\":{\"@id\":\"https:\\\/\\\/landscapingdealer.com\\\/fr\\\/approvisionnement-fr\\\/stihl-connected-solutions-connectees-fr\\\/#breadcrumb\"},\"inLanguage\":\"fr-BE\",\"potentialAction\":[{\"@type\":\"ReadAction\",\"target\":[\"https:\\\/\\\/landscapingdealer.com\\\/fr\\\/approvisionnement-fr\\\/stihl-connected-solutions-connectees-fr\\\/\"]}]},{\"@type\":\"BreadcrumbList\",\"@id\":\"https:\\\/\\\/landscapingdealer.com\\\/fr\\\/approvisionnement-fr\\\/stihl-connected-solutions-connectees-fr\\\/#breadcrumb\",\"itemListElement\":[{\"@type\":\"ListItem\",\"position\":1,\"name\":\"Home\",\"item\":\"https:\\\/\\\/landscapingdealer.com\\\/fr\\\/page-daccueil-nouveau\\\/\"},{\"@type\":\"ListItem\",\"position\":2,\"name\":\"Approvisionnement\",\"item\":\"https:\\\/\\\/landscapingdealer.com\\\/fr\\\/approvisionnement-fr\\\/\"},{\"@type\":\"ListItem\",\"position\":3,\"name\":\"STIHL connected \\\/ solutions connect\u00e9es\"}]},{\"@type\":\"WebSite\",\"@id\":\"https:\\\/\\\/landscapingdealer.com\\\/fr\\\/#website\",\"url\":\"https:\\\/\\\/landscapingdealer.com\\\/fr\\\/\",\"name\":\"Landscaping Dealer\",\"description\":\"Just another WordPress site\",\"potentialAction\":[{\"@type\":\"SearchAction\",\"target\":{\"@type\":\"EntryPoint\",\"urlTemplate\":\"https:\\\/\\\/landscapingdealer.com\\\/fr\\\/?s={search_term_string}\"},\"query-input\":{\"@type\":\"PropertyValueSpecification\",\"valueRequired\":true,\"valueName\":\"search_term_string\"}}],\"inLanguage\":\"fr-BE\"}]}<\/script>\n<!-- \/ Yoast SEO plugin. -->","yoast_head_json":{"title":"Appareils et outils STIHL connected \/ solutions connect\u00e9es","description":"STIHL Appareils et outils STIHL connected solutions connect\u00e9es Nous vous proposons un moyen facile pour g\u00e9rer contr\u00f4ler et entretenir votre \u00e9quip...","robots":{"index":"noindex","follow":"follow","max-snippet":"max-snippet:-1","max-image-preview":"max-image-preview:large","max-video-preview":"max-video-preview:-1"},"og_locale":"fr_FR","og_type":"article","og_title":"Appareils et outils STIHL connected \/ solutions connect\u00e9es","og_description":"STIHL Appareils et outils STIHL connected solutions connect\u00e9es Nous vous proposons un moyen facile pour g\u00e9rer contr\u00f4ler et entretenir votre \u00e9quip...","og_url":"https:\/\/landscapingdealer.com\/fr\/approvisionnement-fr\/stihl-connected-solutions-connectees-fr\/","og_site_name":"Landscaping Dealer","article_modified_time":"2026-04-25T03:57:26+00:00","twitter_card":"summary_large_image","schema":{"@context":"https:\/\/schema.org","@graph":[{"@type":"WebPage","@id":"https:\/\/landscapingdealer.com\/fr\/approvisionnement-fr\/stihl-connected-solutions-connectees-fr\/","url":"https:\/\/landscapingdealer.com\/fr\/approvisionnement-fr\/stihl-connected-solutions-connectees-fr\/","name":"Appareils et outils STIHL connected \/ solutions connect\u00e9es","isPartOf":{"@id":"https:\/\/landscapingdealer.com\/fr\/#website"},"datePublished":"2025-05-24T15:53:25+00:00","dateModified":"2026-04-25T03:57:26+00:00","description":"STIHL Appareils et outils STIHL connected solutions connect\u00e9es Nous vous proposons un moyen facile pour g\u00e9rer contr\u00f4ler et entretenir votre \u00e9quip...","breadcrumb":{"@id":"https:\/\/landscapingdealer.com\/fr\/approvisionnement-fr\/stihl-connected-solutions-connectees-fr\/#breadcrumb"},"inLanguage":"fr-BE","potentialAction":[{"@type":"ReadAction","target":["https:\/\/landscapingdealer.com\/fr\/approvisionnement-fr\/stihl-connected-solutions-connectees-fr\/"]}]},{"@type":"BreadcrumbList","@id":"https:\/\/landscapingdealer.com\/fr\/approvisionnement-fr\/stihl-connected-solutions-connectees-fr\/#breadcrumb","itemListElement":[{"@type":"ListItem","position":1,"name":"Home","item":"https:\/\/landscapingdealer.com\/fr\/page-daccueil-nouveau\/"},{"@type":"ListItem","position":2,"name":"Approvisionnement","item":"https:\/\/landscapingdealer.com\/fr\/approvisionnement-fr\/"},{"@type":"ListItem","position":3,"name":"STIHL connected \/ solutions connect\u00e9es"}]},{"@type":"WebSite","@id":"https:\/\/landscapingdealer.com\/fr\/#website","url":"https:\/\/landscapingdealer.com\/fr\/","name":"Landscaping Dealer","description":"Just another WordPress site","potentialAction":[{"@type":"SearchAction","target":{"@type":"EntryPoint","urlTemplate":"https:\/\/landscapingdealer.com\/fr\/?s={search_term_string}"},"query-input":{"@type":"PropertyValueSpecification","valueRequired":true,"valueName":"search_term_string"}}],"inLanguage":"fr-BE"}]}},"_links":{"self":[{"href":"https:\/\/landscapingdealer.com\/fr\/wp-json\/wp\/v2\/pages\/1136078","targetHints":{"allow":["GET"]}}],"collection":[{"href":"https:\/\/landscapingdealer.com\/fr\/wp-json\/wp\/v2\/pages"}],"about":[{"href":"https:\/\/landscapingdealer.com\/fr\/wp-json\/wp\/v2\/types\/page"}],"author":[{"embeddable":true,"href":"https:\/\/landscapingdealer.com\/fr\/wp-json\/wp\/v2\/users\/1"}],"replies":[{"embeddable":true,"href":"https:\/\/landscapingdealer.com\/fr\/wp-json\/wp\/v2\/comments?post=1136078"}],"version-history":[{"count":1,"href":"https:\/\/landscapingdealer.com\/fr\/wp-json\/wp\/v2\/pages\/1136078\/revisions"}],"predecessor-version":[{"id":1136357,"href":"https:\/\/landscapingdealer.com\/fr\/wp-json\/wp\/v2\/pages\/1136078\/revisions\/1136357"}],"up":[{"embeddable":true,"href":"https:\/\/landscapingdealer.com\/fr\/wp-json\/wp\/v2\/pages\/1136544"}],"wp:attachment":[{"href":"https:\/\/landscapingdealer.com\/fr\/wp-json\/wp\/v2\/media?parent=1136078"}],"curies":[{"name":"wp","href":"https:\/\/api.w.org\/{rel}","templated":true}]}}