{"id":1136151,"date":"2025-05-24T15:53:01","date_gmt":"2025-05-24T15:53:01","guid":{"rendered":"https:\/\/landscapingdealer.com\/stihl-accessoires-fr\/accessoires-pour-combisysteme-multisysteme-fr\/"},"modified":"2026-04-25T03:57:57","modified_gmt":"2026-04-25T03:57:57","slug":"accessoires-pour-combisysteme-multisysteme-fr","status":"publish","type":"page","link":"https:\/\/landscapingdealer.com\/fr\/stihl-accessoires-fr\/accessoires-pour-combisysteme-multisysteme-fr\/","title":{"rendered":"Accessoires pour CombiSyst\u00e8me \/ MultiSyst\u00e8me"},"content":{"rendered":"","protected":false},"excerpt":{"rendered":"","protected":false},"author":1,"featured_media":0,"parent":1136081,"menu_order":0,"comment_status":"closed","ping_status":"closed","template":"page.php","meta":{"_acf_changed":false,"footnotes":""},"class_list":["post-1136151","page","type-page","status-publish","hentry"],"acf":[],"yoast_head":"<!-- This site is optimized with the Yoast SEO plugin v27.4 - https:\/\/yoast.com\/product\/yoast-seo-wordpress\/ -->\n<title>STIHL Accessoires pour CombiSyst\u00e8me \/ MultiSyst\u00e8me<\/title>\n<meta name=\"description\" content=\"STIHL Accessoires Accessoires pour CombiSyst\u00e8me MultiSyst\u00e8me Les accessoires pour CombiSyst\u00e8me et MultiSyst\u00e8me STIHL vous permettent dajouter dau...\" \/>\n<meta name=\"robots\" content=\"noindex, follow, max-snippet:-1, max-image-preview:large, max-video-preview:-1\" \/>\n<meta property=\"og:locale\" content=\"fr_FR\" \/>\n<meta property=\"og:type\" content=\"article\" \/>\n<meta property=\"og:title\" content=\"STIHL Accessoires pour CombiSyst\u00e8me \/ MultiSyst\u00e8me\" \/>\n<meta property=\"og:description\" content=\"STIHL Accessoires Accessoires pour CombiSyst\u00e8me MultiSyst\u00e8me Les accessoires pour CombiSyst\u00e8me et MultiSyst\u00e8me STIHL vous permettent dajouter dau...\" \/>\n<meta property=\"og:url\" content=\"https:\/\/landscapingdealer.com\/fr\/stihl-accessoires-fr\/accessoires-pour-combisysteme-multisysteme-fr\/\" \/>\n<meta property=\"og:site_name\" content=\"Landscaping Dealer\" \/>\n<meta property=\"article:modified_time\" content=\"2026-04-25T03:57:57+00:00\" \/>\n<meta name=\"twitter:card\" content=\"summary_large_image\" \/>\n<script type=\"application\/ld+json\" class=\"yoast-schema-graph\">{\"@context\":\"https:\\\/\\\/schema.org\",\"@graph\":[{\"@type\":\"WebPage\",\"@id\":\"https:\\\/\\\/landscapingdealer.com\\\/fr\\\/stihl-accessoires-fr\\\/accessoires-pour-combisysteme-multisysteme-fr\\\/\",\"url\":\"https:\\\/\\\/landscapingdealer.com\\\/fr\\\/stihl-accessoires-fr\\\/accessoires-pour-combisysteme-multisysteme-fr\\\/\",\"name\":\"STIHL Accessoires pour CombiSyst\u00e8me \\\/ MultiSyst\u00e8me\",\"isPartOf\":{\"@id\":\"https:\\\/\\\/landscapingdealer.com\\\/fr\\\/#website\"},\"datePublished\":\"2025-05-24T15:53:01+00:00\",\"dateModified\":\"2026-04-25T03:57:57+00:00\",\"description\":\"STIHL Accessoires Accessoires pour CombiSyst\u00e8me MultiSyst\u00e8me Les accessoires pour CombiSyst\u00e8me et MultiSyst\u00e8me STIHL vous permettent dajouter dau...\",\"breadcrumb\":{\"@id\":\"https:\\\/\\\/landscapingdealer.com\\\/fr\\\/stihl-accessoires-fr\\\/accessoires-pour-combisysteme-multisysteme-fr\\\/#breadcrumb\"},\"inLanguage\":\"fr-BE\",\"potentialAction\":[{\"@type\":\"ReadAction\",\"target\":[\"https:\\\/\\\/landscapingdealer.com\\\/fr\\\/stihl-accessoires-fr\\\/accessoires-pour-combisysteme-multisysteme-fr\\\/\"]}]},{\"@type\":\"BreadcrumbList\",\"@id\":\"https:\\\/\\\/landscapingdealer.com\\\/fr\\\/stihl-accessoires-fr\\\/accessoires-pour-combisysteme-multisysteme-fr\\\/#breadcrumb\",\"itemListElement\":[{\"@type\":\"ListItem\",\"position\":1,\"name\":\"Home\",\"item\":\"https:\\\/\\\/landscapingdealer.com\\\/fr\\\/page-daccueil-nouveau\\\/\"},{\"@type\":\"ListItem\",\"position\":2,\"name\":\"STIHL Accessoires\",\"item\":\"https:\\\/\\\/landscapingdealer.com\\\/fr\\\/stihl-accessoires-fr\\\/\"},{\"@type\":\"ListItem\",\"position\":3,\"name\":\"Accessoires pour CombiSyst\u00e8me \\\/ MultiSyst\u00e8me\"}]},{\"@type\":\"WebSite\",\"@id\":\"https:\\\/\\\/landscapingdealer.com\\\/fr\\\/#website\",\"url\":\"https:\\\/\\\/landscapingdealer.com\\\/fr\\\/\",\"name\":\"Landscaping Dealer\",\"description\":\"Just another WordPress site\",\"potentialAction\":[{\"@type\":\"SearchAction\",\"target\":{\"@type\":\"EntryPoint\",\"urlTemplate\":\"https:\\\/\\\/landscapingdealer.com\\\/fr\\\/?s={search_term_string}\"},\"query-input\":{\"@type\":\"PropertyValueSpecification\",\"valueRequired\":true,\"valueName\":\"search_term_string\"}}],\"inLanguage\":\"fr-BE\"}]}<\/script>\n<!-- \/ Yoast SEO plugin. -->","yoast_head_json":{"title":"STIHL Accessoires pour CombiSyst\u00e8me \/ MultiSyst\u00e8me","description":"STIHL Accessoires Accessoires pour CombiSyst\u00e8me MultiSyst\u00e8me Les accessoires pour CombiSyst\u00e8me et MultiSyst\u00e8me STIHL vous permettent dajouter dau...","robots":{"index":"noindex","follow":"follow","max-snippet":"max-snippet:-1","max-image-preview":"max-image-preview:large","max-video-preview":"max-video-preview:-1"},"og_locale":"fr_FR","og_type":"article","og_title":"STIHL Accessoires pour CombiSyst\u00e8me \/ MultiSyst\u00e8me","og_description":"STIHL Accessoires Accessoires pour CombiSyst\u00e8me MultiSyst\u00e8me Les accessoires pour CombiSyst\u00e8me et MultiSyst\u00e8me STIHL vous permettent dajouter dau...","og_url":"https:\/\/landscapingdealer.com\/fr\/stihl-accessoires-fr\/accessoires-pour-combisysteme-multisysteme-fr\/","og_site_name":"Landscaping Dealer","article_modified_time":"2026-04-25T03:57:57+00:00","twitter_card":"summary_large_image","schema":{"@context":"https:\/\/schema.org","@graph":[{"@type":"WebPage","@id":"https:\/\/landscapingdealer.com\/fr\/stihl-accessoires-fr\/accessoires-pour-combisysteme-multisysteme-fr\/","url":"https:\/\/landscapingdealer.com\/fr\/stihl-accessoires-fr\/accessoires-pour-combisysteme-multisysteme-fr\/","name":"STIHL Accessoires pour CombiSyst\u00e8me \/ MultiSyst\u00e8me","isPartOf":{"@id":"https:\/\/landscapingdealer.com\/fr\/#website"},"datePublished":"2025-05-24T15:53:01+00:00","dateModified":"2026-04-25T03:57:57+00:00","description":"STIHL Accessoires Accessoires pour CombiSyst\u00e8me MultiSyst\u00e8me Les accessoires pour CombiSyst\u00e8me et MultiSyst\u00e8me STIHL vous permettent dajouter dau...","breadcrumb":{"@id":"https:\/\/landscapingdealer.com\/fr\/stihl-accessoires-fr\/accessoires-pour-combisysteme-multisysteme-fr\/#breadcrumb"},"inLanguage":"fr-BE","potentialAction":[{"@type":"ReadAction","target":["https:\/\/landscapingdealer.com\/fr\/stihl-accessoires-fr\/accessoires-pour-combisysteme-multisysteme-fr\/"]}]},{"@type":"BreadcrumbList","@id":"https:\/\/landscapingdealer.com\/fr\/stihl-accessoires-fr\/accessoires-pour-combisysteme-multisysteme-fr\/#breadcrumb","itemListElement":[{"@type":"ListItem","position":1,"name":"Home","item":"https:\/\/landscapingdealer.com\/fr\/page-daccueil-nouveau\/"},{"@type":"ListItem","position":2,"name":"STIHL Accessoires","item":"https:\/\/landscapingdealer.com\/fr\/stihl-accessoires-fr\/"},{"@type":"ListItem","position":3,"name":"Accessoires pour CombiSyst\u00e8me \/ MultiSyst\u00e8me"}]},{"@type":"WebSite","@id":"https:\/\/landscapingdealer.com\/fr\/#website","url":"https:\/\/landscapingdealer.com\/fr\/","name":"Landscaping Dealer","description":"Just another WordPress site","potentialAction":[{"@type":"SearchAction","target":{"@type":"EntryPoint","urlTemplate":"https:\/\/landscapingdealer.com\/fr\/?s={search_term_string}"},"query-input":{"@type":"PropertyValueSpecification","valueRequired":true,"valueName":"search_term_string"}}],"inLanguage":"fr-BE"}]}},"_links":{"self":[{"href":"https:\/\/landscapingdealer.com\/fr\/wp-json\/wp\/v2\/pages\/1136151","targetHints":{"allow":["GET"]}}],"collection":[{"href":"https:\/\/landscapingdealer.com\/fr\/wp-json\/wp\/v2\/pages"}],"about":[{"href":"https:\/\/landscapingdealer.com\/fr\/wp-json\/wp\/v2\/types\/page"}],"author":[{"embeddable":true,"href":"https:\/\/landscapingdealer.com\/fr\/wp-json\/wp\/v2\/users\/1"}],"replies":[{"embeddable":true,"href":"https:\/\/landscapingdealer.com\/fr\/wp-json\/wp\/v2\/comments?post=1136151"}],"version-history":[{"count":3,"href":"https:\/\/landscapingdealer.com\/fr\/wp-json\/wp\/v2\/pages\/1136151\/revisions"}],"predecessor-version":[{"id":1137155,"href":"https:\/\/landscapingdealer.com\/fr\/wp-json\/wp\/v2\/pages\/1136151\/revisions\/1137155"}],"up":[{"embeddable":true,"href":"https:\/\/landscapingdealer.com\/fr\/wp-json\/wp\/v2\/pages\/1136081"}],"wp:attachment":[{"href":"https:\/\/landscapingdealer.com\/fr\/wp-json\/wp\/v2\/media?parent=1136151"}],"curies":[{"name":"wp","href":"https:\/\/api.w.org\/{rel}","templated":true}]}}