{"id":1136160,"date":"2025-05-24T15:53:16","date_gmt":"2025-05-24T15:53:16","guid":{"rendered":"https:\/\/landscapingdealer.com\/stihl-accessoires-fr\/accessoires-pour-machines-sur-batterie-fr\/systeme-de-batterie-ak-fr\/"},"modified":"2026-04-25T03:58:01","modified_gmt":"2026-04-25T03:58:01","slug":"systeme-de-batterie-ak-fr","status":"publish","type":"page","link":"https:\/\/landscapingdealer.com\/fr\/stihl-accessoires-fr\/accessoires-pour-machines-sur-batterie-fr\/systeme-de-batterie-ak-fr\/","title":{"rendered":"Syst\u00e8me de batterie AK"},"content":{"rendered":"","protected":false},"excerpt":{"rendered":"","protected":false},"author":1,"featured_media":0,"parent":1136158,"menu_order":0,"comment_status":"closed","ping_status":"closed","template":"page.php","meta":{"_acf_changed":false,"footnotes":""},"class_list":["post-1136160","page","type-page","status-publish","hentry"],"acf":[],"yoast_head":"<!-- This site is optimized with the Yoast SEO plugin v27.4 - https:\/\/yoast.com\/product\/yoast-seo-wordpress\/ -->\n<title>STIHL Accessoires Syst\u00e8me de batterie AK<\/title>\n<meta name=\"description\" content=\"STIHL Accessoires Accessoires pour machines sur batterie Syst\u00e8me de batterie AK D\u00e9couvrez nos accessoires pour les machines sur batterie AK Batteri...\" \/>\n<meta name=\"robots\" content=\"noindex, follow, max-snippet:-1, max-image-preview:large, max-video-preview:-1\" \/>\n<meta property=\"og:locale\" content=\"fr_FR\" \/>\n<meta property=\"og:type\" content=\"article\" \/>\n<meta property=\"og:title\" content=\"STIHL Accessoires Syst\u00e8me de batterie AK\" \/>\n<meta property=\"og:description\" content=\"STIHL Accessoires Accessoires pour machines sur batterie Syst\u00e8me de batterie AK D\u00e9couvrez nos accessoires pour les machines sur batterie AK Batteri...\" \/>\n<meta property=\"og:url\" content=\"https:\/\/landscapingdealer.com\/fr\/stihl-accessoires-fr\/accessoires-pour-machines-sur-batterie-fr\/systeme-de-batterie-ak-fr\/\" \/>\n<meta property=\"og:site_name\" content=\"Landscaping Dealer\" \/>\n<meta property=\"article:modified_time\" content=\"2026-04-25T03:58:01+00:00\" \/>\n<meta name=\"twitter:card\" content=\"summary_large_image\" \/>\n<script type=\"application\/ld+json\" class=\"yoast-schema-graph\">{\"@context\":\"https:\\\/\\\/schema.org\",\"@graph\":[{\"@type\":\"WebPage\",\"@id\":\"https:\\\/\\\/landscapingdealer.com\\\/fr\\\/stihl-accessoires-fr\\\/accessoires-pour-machines-sur-batterie-fr\\\/systeme-de-batterie-ak-fr\\\/\",\"url\":\"https:\\\/\\\/landscapingdealer.com\\\/fr\\\/stihl-accessoires-fr\\\/accessoires-pour-machines-sur-batterie-fr\\\/systeme-de-batterie-ak-fr\\\/\",\"name\":\"STIHL Accessoires Syst\u00e8me de batterie AK\",\"isPartOf\":{\"@id\":\"https:\\\/\\\/landscapingdealer.com\\\/fr\\\/#website\"},\"datePublished\":\"2025-05-24T15:53:16+00:00\",\"dateModified\":\"2026-04-25T03:58:01+00:00\",\"description\":\"STIHL Accessoires Accessoires pour machines sur batterie Syst\u00e8me de batterie AK D\u00e9couvrez nos accessoires pour les machines sur batterie AK Batteri...\",\"breadcrumb\":{\"@id\":\"https:\\\/\\\/landscapingdealer.com\\\/fr\\\/stihl-accessoires-fr\\\/accessoires-pour-machines-sur-batterie-fr\\\/systeme-de-batterie-ak-fr\\\/#breadcrumb\"},\"inLanguage\":\"fr-BE\",\"potentialAction\":[{\"@type\":\"ReadAction\",\"target\":[\"https:\\\/\\\/landscapingdealer.com\\\/fr\\\/stihl-accessoires-fr\\\/accessoires-pour-machines-sur-batterie-fr\\\/systeme-de-batterie-ak-fr\\\/\"]}]},{\"@type\":\"BreadcrumbList\",\"@id\":\"https:\\\/\\\/landscapingdealer.com\\\/fr\\\/stihl-accessoires-fr\\\/accessoires-pour-machines-sur-batterie-fr\\\/systeme-de-batterie-ak-fr\\\/#breadcrumb\",\"itemListElement\":[{\"@type\":\"ListItem\",\"position\":1,\"name\":\"Home\",\"item\":\"https:\\\/\\\/landscapingdealer.com\\\/fr\\\/page-daccueil-nouveau\\\/\"},{\"@type\":\"ListItem\",\"position\":2,\"name\":\"STIHL Accessoires\",\"item\":\"https:\\\/\\\/landscapingdealer.com\\\/fr\\\/stihl-accessoires-fr\\\/\"},{\"@type\":\"ListItem\",\"position\":3,\"name\":\"Accessoires pour machines sur batterie\",\"item\":\"https:\\\/\\\/landscapingdealer.com\\\/fr\\\/stihl-accessoires-fr\\\/accessoires-pour-machines-sur-batterie-fr\\\/\"},{\"@type\":\"ListItem\",\"position\":4,\"name\":\"Syst\u00e8me de batterie AK\"}]},{\"@type\":\"WebSite\",\"@id\":\"https:\\\/\\\/landscapingdealer.com\\\/fr\\\/#website\",\"url\":\"https:\\\/\\\/landscapingdealer.com\\\/fr\\\/\",\"name\":\"Landscaping Dealer\",\"description\":\"Just another WordPress site\",\"potentialAction\":[{\"@type\":\"SearchAction\",\"target\":{\"@type\":\"EntryPoint\",\"urlTemplate\":\"https:\\\/\\\/landscapingdealer.com\\\/fr\\\/?s={search_term_string}\"},\"query-input\":{\"@type\":\"PropertyValueSpecification\",\"valueRequired\":true,\"valueName\":\"search_term_string\"}}],\"inLanguage\":\"fr-BE\"}]}<\/script>\n<!-- \/ Yoast SEO plugin. -->","yoast_head_json":{"title":"STIHL Accessoires Syst\u00e8me de batterie AK","description":"STIHL Accessoires Accessoires pour machines sur batterie Syst\u00e8me de batterie AK D\u00e9couvrez nos accessoires pour les machines sur batterie AK Batteri...","robots":{"index":"noindex","follow":"follow","max-snippet":"max-snippet:-1","max-image-preview":"max-image-preview:large","max-video-preview":"max-video-preview:-1"},"og_locale":"fr_FR","og_type":"article","og_title":"STIHL Accessoires Syst\u00e8me de batterie AK","og_description":"STIHL Accessoires Accessoires pour machines sur batterie Syst\u00e8me de batterie AK D\u00e9couvrez nos accessoires pour les machines sur batterie AK Batteri...","og_url":"https:\/\/landscapingdealer.com\/fr\/stihl-accessoires-fr\/accessoires-pour-machines-sur-batterie-fr\/systeme-de-batterie-ak-fr\/","og_site_name":"Landscaping Dealer","article_modified_time":"2026-04-25T03:58:01+00:00","twitter_card":"summary_large_image","schema":{"@context":"https:\/\/schema.org","@graph":[{"@type":"WebPage","@id":"https:\/\/landscapingdealer.com\/fr\/stihl-accessoires-fr\/accessoires-pour-machines-sur-batterie-fr\/systeme-de-batterie-ak-fr\/","url":"https:\/\/landscapingdealer.com\/fr\/stihl-accessoires-fr\/accessoires-pour-machines-sur-batterie-fr\/systeme-de-batterie-ak-fr\/","name":"STIHL Accessoires Syst\u00e8me de batterie AK","isPartOf":{"@id":"https:\/\/landscapingdealer.com\/fr\/#website"},"datePublished":"2025-05-24T15:53:16+00:00","dateModified":"2026-04-25T03:58:01+00:00","description":"STIHL Accessoires Accessoires pour machines sur batterie Syst\u00e8me de batterie AK D\u00e9couvrez nos accessoires pour les machines sur batterie AK Batteri...","breadcrumb":{"@id":"https:\/\/landscapingdealer.com\/fr\/stihl-accessoires-fr\/accessoires-pour-machines-sur-batterie-fr\/systeme-de-batterie-ak-fr\/#breadcrumb"},"inLanguage":"fr-BE","potentialAction":[{"@type":"ReadAction","target":["https:\/\/landscapingdealer.com\/fr\/stihl-accessoires-fr\/accessoires-pour-machines-sur-batterie-fr\/systeme-de-batterie-ak-fr\/"]}]},{"@type":"BreadcrumbList","@id":"https:\/\/landscapingdealer.com\/fr\/stihl-accessoires-fr\/accessoires-pour-machines-sur-batterie-fr\/systeme-de-batterie-ak-fr\/#breadcrumb","itemListElement":[{"@type":"ListItem","position":1,"name":"Home","item":"https:\/\/landscapingdealer.com\/fr\/page-daccueil-nouveau\/"},{"@type":"ListItem","position":2,"name":"STIHL Accessoires","item":"https:\/\/landscapingdealer.com\/fr\/stihl-accessoires-fr\/"},{"@type":"ListItem","position":3,"name":"Accessoires pour machines sur batterie","item":"https:\/\/landscapingdealer.com\/fr\/stihl-accessoires-fr\/accessoires-pour-machines-sur-batterie-fr\/"},{"@type":"ListItem","position":4,"name":"Syst\u00e8me de batterie AK"}]},{"@type":"WebSite","@id":"https:\/\/landscapingdealer.com\/fr\/#website","url":"https:\/\/landscapingdealer.com\/fr\/","name":"Landscaping Dealer","description":"Just another WordPress site","potentialAction":[{"@type":"SearchAction","target":{"@type":"EntryPoint","urlTemplate":"https:\/\/landscapingdealer.com\/fr\/?s={search_term_string}"},"query-input":{"@type":"PropertyValueSpecification","valueRequired":true,"valueName":"search_term_string"}}],"inLanguage":"fr-BE"}]}},"_links":{"self":[{"href":"https:\/\/landscapingdealer.com\/fr\/wp-json\/wp\/v2\/pages\/1136160","targetHints":{"allow":["GET"]}}],"collection":[{"href":"https:\/\/landscapingdealer.com\/fr\/wp-json\/wp\/v2\/pages"}],"about":[{"href":"https:\/\/landscapingdealer.com\/fr\/wp-json\/wp\/v2\/types\/page"}],"author":[{"embeddable":true,"href":"https:\/\/landscapingdealer.com\/fr\/wp-json\/wp\/v2\/users\/1"}],"replies":[{"embeddable":true,"href":"https:\/\/landscapingdealer.com\/fr\/wp-json\/wp\/v2\/comments?post=1136160"}],"version-history":[{"count":1,"href":"https:\/\/landscapingdealer.com\/fr\/wp-json\/wp\/v2\/pages\/1136160\/revisions"}],"predecessor-version":[{"id":1136439,"href":"https:\/\/landscapingdealer.com\/fr\/wp-json\/wp\/v2\/pages\/1136160\/revisions\/1136439"}],"up":[{"embeddable":true,"href":"https:\/\/landscapingdealer.com\/fr\/wp-json\/wp\/v2\/pages\/1136158"}],"wp:attachment":[{"href":"https:\/\/landscapingdealer.com\/fr\/wp-json\/wp\/v2\/media?parent=1136160"}],"curies":[{"name":"wp","href":"https:\/\/api.w.org\/{rel}","templated":true}]}}