{"id":1137316,"date":"2025-07-06T15:20:45","date_gmt":"2025-07-06T15:20:45","guid":{"rendered":"https:\/\/landscapingdealer.com\/caracteristiques-des-vetements-de-securite-stihl\/"},"modified":"2026-01-19T01:40:32","modified_gmt":"2026-01-19T01:40:32","slug":"caracteristiques-des-vetements-de-securite-stihl","status":"publish","type":"page","link":"https:\/\/landscapingdealer.com\/fr\/caracteristiques-des-vetements-de-securite-stihl\/","title":{"rendered":"Caract\u00e9ristiques des v\u00eatements de s\u00e9curit\u00e9 STIHL"},"content":{"rendered":"","protected":false},"excerpt":{"rendered":"","protected":false},"author":1,"featured_media":0,"parent":0,"menu_order":0,"comment_status":"closed","ping_status":"closed","template":"page.php","meta":{"_acf_changed":false,"footnotes":""},"class_list":["post-1137316","page","type-page","status-publish","hentry"],"acf":[],"yoast_head":"<!-- This site is optimized with the Yoast SEO plugin v27.4 - https:\/\/yoast.com\/product\/yoast-seo-wordpress\/ -->\n<title>STIHL Caract\u00e9ristiques des v\u00eatements de s\u00e9curit\u00e9 STIHL<\/title>\n<meta name=\"description\" content=\"Nous avons d\u00e9velopp\u00e9 des v\u00eatements de s\u00e9curit\u00e9 STIHL sp\u00e9cialement pour vous prot\u00e9ger lorsque vous travaillez avec les produits STIHL. Vous trou...\" \/>\n<meta name=\"robots\" content=\"noindex, follow, max-snippet:-1, max-image-preview:large, max-video-preview:-1\" \/>\n<meta property=\"og:locale\" content=\"fr_FR\" \/>\n<meta property=\"og:type\" content=\"article\" \/>\n<meta property=\"og:title\" content=\"STIHL Caract\u00e9ristiques des v\u00eatements de s\u00e9curit\u00e9 STIHL\" \/>\n<meta property=\"og:description\" content=\"Nous avons d\u00e9velopp\u00e9 des v\u00eatements de s\u00e9curit\u00e9 STIHL sp\u00e9cialement pour vous prot\u00e9ger lorsque vous travaillez avec les produits STIHL. Vous trou...\" \/>\n<meta property=\"og:url\" content=\"https:\/\/landscapingdealer.com\/fr\/caracteristiques-des-vetements-de-securite-stihl\/\" \/>\n<meta property=\"og:site_name\" content=\"Landscaping Dealer\" \/>\n<meta property=\"article:modified_time\" content=\"2026-01-19T01:40:32+00:00\" \/>\n<meta name=\"twitter:card\" content=\"summary_large_image\" \/>\n<meta name=\"twitter:title\" content=\"STIHL Caract\u00e9ristiques des v\u00eatements de s\u00e9curit\u00e9 STIHL\" \/>\n<meta name=\"twitter:description\" content=\"Nous avons d\u00e9velopp\u00e9 des v\u00eatements de s\u00e9curit\u00e9 STIHL sp\u00e9cialement pour vous prot\u00e9ger lorsque vous travaillez avec les produits STIHL. Vous trou...\" \/>\n<script type=\"application\/ld+json\" class=\"yoast-schema-graph\">{\"@context\":\"https:\\\/\\\/schema.org\",\"@graph\":[{\"@type\":\"WebPage\",\"@id\":\"https:\\\/\\\/landscapingdealer.com\\\/fr\\\/caracteristiques-des-vetements-de-securite-stihl\\\/\",\"url\":\"https:\\\/\\\/landscapingdealer.com\\\/fr\\\/caracteristiques-des-vetements-de-securite-stihl\\\/\",\"name\":\"STIHL Caract\u00e9ristiques des v\u00eatements de s\u00e9curit\u00e9 STIHL\",\"isPartOf\":{\"@id\":\"https:\\\/\\\/landscapingdealer.com\\\/fr\\\/#website\"},\"datePublished\":\"2025-07-06T15:20:45+00:00\",\"dateModified\":\"2026-01-19T01:40:32+00:00\",\"description\":\"Nous avons d\u00e9velopp\u00e9 des v\u00eatements de s\u00e9curit\u00e9 STIHL sp\u00e9cialement pour vous prot\u00e9ger lorsque vous travaillez avec les produits STIHL. Vous trou...\",\"breadcrumb\":{\"@id\":\"https:\\\/\\\/landscapingdealer.com\\\/fr\\\/caracteristiques-des-vetements-de-securite-stihl\\\/#breadcrumb\"},\"inLanguage\":\"fr-BE\",\"potentialAction\":[{\"@type\":\"ReadAction\",\"target\":[\"https:\\\/\\\/landscapingdealer.com\\\/fr\\\/caracteristiques-des-vetements-de-securite-stihl\\\/\"]}]},{\"@type\":\"BreadcrumbList\",\"@id\":\"https:\\\/\\\/landscapingdealer.com\\\/fr\\\/caracteristiques-des-vetements-de-securite-stihl\\\/#breadcrumb\",\"itemListElement\":[{\"@type\":\"ListItem\",\"position\":1,\"name\":\"Home\",\"item\":\"https:\\\/\\\/landscapingdealer.com\\\/fr\\\/page-daccueil-nouveau\\\/\"},{\"@type\":\"ListItem\",\"position\":2,\"name\":\"Caract\u00e9ristiques des v\u00eatements de s\u00e9curit\u00e9 STIHL\"}]},{\"@type\":\"WebSite\",\"@id\":\"https:\\\/\\\/landscapingdealer.com\\\/fr\\\/#website\",\"url\":\"https:\\\/\\\/landscapingdealer.com\\\/fr\\\/\",\"name\":\"Landscaping Dealer\",\"description\":\"Just another WordPress site\",\"potentialAction\":[{\"@type\":\"SearchAction\",\"target\":{\"@type\":\"EntryPoint\",\"urlTemplate\":\"https:\\\/\\\/landscapingdealer.com\\\/fr\\\/?s={search_term_string}\"},\"query-input\":{\"@type\":\"PropertyValueSpecification\",\"valueRequired\":true,\"valueName\":\"search_term_string\"}}],\"inLanguage\":\"fr-BE\"}]}<\/script>\n<!-- \/ Yoast SEO plugin. -->","yoast_head_json":{"title":"STIHL Caract\u00e9ristiques des v\u00eatements de s\u00e9curit\u00e9 STIHL","description":"Nous avons d\u00e9velopp\u00e9 des v\u00eatements de s\u00e9curit\u00e9 STIHL sp\u00e9cialement pour vous prot\u00e9ger lorsque vous travaillez avec les produits STIHL. Vous trou...","robots":{"index":"noindex","follow":"follow","max-snippet":"max-snippet:-1","max-image-preview":"max-image-preview:large","max-video-preview":"max-video-preview:-1"},"og_locale":"fr_FR","og_type":"article","og_title":"STIHL Caract\u00e9ristiques des v\u00eatements de s\u00e9curit\u00e9 STIHL","og_description":"Nous avons d\u00e9velopp\u00e9 des v\u00eatements de s\u00e9curit\u00e9 STIHL sp\u00e9cialement pour vous prot\u00e9ger lorsque vous travaillez avec les produits STIHL. Vous trou...","og_url":"https:\/\/landscapingdealer.com\/fr\/caracteristiques-des-vetements-de-securite-stihl\/","og_site_name":"Landscaping Dealer","article_modified_time":"2026-01-19T01:40:32+00:00","twitter_card":"summary_large_image","twitter_title":"STIHL Caract\u00e9ristiques des v\u00eatements de s\u00e9curit\u00e9 STIHL","twitter_description":"Nous avons d\u00e9velopp\u00e9 des v\u00eatements de s\u00e9curit\u00e9 STIHL sp\u00e9cialement pour vous prot\u00e9ger lorsque vous travaillez avec les produits STIHL. Vous trou...","schema":{"@context":"https:\/\/schema.org","@graph":[{"@type":"WebPage","@id":"https:\/\/landscapingdealer.com\/fr\/caracteristiques-des-vetements-de-securite-stihl\/","url":"https:\/\/landscapingdealer.com\/fr\/caracteristiques-des-vetements-de-securite-stihl\/","name":"STIHL Caract\u00e9ristiques des v\u00eatements de s\u00e9curit\u00e9 STIHL","isPartOf":{"@id":"https:\/\/landscapingdealer.com\/fr\/#website"},"datePublished":"2025-07-06T15:20:45+00:00","dateModified":"2026-01-19T01:40:32+00:00","description":"Nous avons d\u00e9velopp\u00e9 des v\u00eatements de s\u00e9curit\u00e9 STIHL sp\u00e9cialement pour vous prot\u00e9ger lorsque vous travaillez avec les produits STIHL. Vous trou...","breadcrumb":{"@id":"https:\/\/landscapingdealer.com\/fr\/caracteristiques-des-vetements-de-securite-stihl\/#breadcrumb"},"inLanguage":"fr-BE","potentialAction":[{"@type":"ReadAction","target":["https:\/\/landscapingdealer.com\/fr\/caracteristiques-des-vetements-de-securite-stihl\/"]}]},{"@type":"BreadcrumbList","@id":"https:\/\/landscapingdealer.com\/fr\/caracteristiques-des-vetements-de-securite-stihl\/#breadcrumb","itemListElement":[{"@type":"ListItem","position":1,"name":"Home","item":"https:\/\/landscapingdealer.com\/fr\/page-daccueil-nouveau\/"},{"@type":"ListItem","position":2,"name":"Caract\u00e9ristiques des v\u00eatements de s\u00e9curit\u00e9 STIHL"}]},{"@type":"WebSite","@id":"https:\/\/landscapingdealer.com\/fr\/#website","url":"https:\/\/landscapingdealer.com\/fr\/","name":"Landscaping Dealer","description":"Just another WordPress site","potentialAction":[{"@type":"SearchAction","target":{"@type":"EntryPoint","urlTemplate":"https:\/\/landscapingdealer.com\/fr\/?s={search_term_string}"},"query-input":{"@type":"PropertyValueSpecification","valueRequired":true,"valueName":"search_term_string"}}],"inLanguage":"fr-BE"}]}},"_links":{"self":[{"href":"https:\/\/landscapingdealer.com\/fr\/wp-json\/wp\/v2\/pages\/1137316","targetHints":{"allow":["GET"]}}],"collection":[{"href":"https:\/\/landscapingdealer.com\/fr\/wp-json\/wp\/v2\/pages"}],"about":[{"href":"https:\/\/landscapingdealer.com\/fr\/wp-json\/wp\/v2\/types\/page"}],"author":[{"embeddable":true,"href":"https:\/\/landscapingdealer.com\/fr\/wp-json\/wp\/v2\/users\/1"}],"replies":[{"embeddable":true,"href":"https:\/\/landscapingdealer.com\/fr\/wp-json\/wp\/v2\/comments?post=1137316"}],"version-history":[{"count":1,"href":"https:\/\/landscapingdealer.com\/fr\/wp-json\/wp\/v2\/pages\/1137316\/revisions"}],"predecessor-version":[{"id":1137337,"href":"https:\/\/landscapingdealer.com\/fr\/wp-json\/wp\/v2\/pages\/1137316\/revisions\/1137337"}],"wp:attachment":[{"href":"https:\/\/landscapingdealer.com\/fr\/wp-json\/wp\/v2\/media?parent=1137316"}],"curies":[{"name":"wp","href":"https:\/\/api.w.org\/{rel}","templated":true}]}}