{"id":1137322,"date":"2025-07-06T15:21:16","date_gmt":"2025-07-06T15:21:16","guid":{"rendered":"https:\/\/landscapingdealer.com\/classes-de-poussiere\/"},"modified":"2026-01-19T01:41:03","modified_gmt":"2026-01-19T01:41:03","slug":"classes-de-poussiere","status":"publish","type":"page","link":"https:\/\/landscapingdealer.com\/fr\/classes-de-poussiere\/","title":{"rendered":"Classes de poussi\u00e8re"},"content":{"rendered":"","protected":false},"excerpt":{"rendered":"","protected":false},"author":1,"featured_media":0,"parent":0,"menu_order":0,"comment_status":"closed","ping_status":"closed","template":"page.php","meta":{"_acf_changed":false,"footnotes":""},"class_list":["post-1137322","page","type-page","status-publish","hentry"],"acf":[],"yoast_head":"<!-- This site is optimized with the Yoast SEO plugin v27.4 - https:\/\/yoast.com\/product\/yoast-seo-wordpress\/ -->\n<title>STIHL Classes de poussi\u00e8re<\/title>\n<meta name=\"description\" content=\"Il existe trois classes de tissus diff\u00e9rentes L M et H. Voici ce qui les rend diff\u00e9rents La classe de poussi\u00e8re L comprend la poussi\u00e8re domestique...\" \/>\n<meta name=\"robots\" content=\"noindex, follow, max-snippet:-1, max-image-preview:large, max-video-preview:-1\" \/>\n<meta property=\"og:locale\" content=\"fr_FR\" \/>\n<meta property=\"og:type\" content=\"article\" \/>\n<meta property=\"og:title\" content=\"STIHL Classes de poussi\u00e8re\" \/>\n<meta property=\"og:description\" content=\"Il existe trois classes de tissus diff\u00e9rentes L M et H. Voici ce qui les rend diff\u00e9rents La classe de poussi\u00e8re L comprend la poussi\u00e8re domestique...\" \/>\n<meta property=\"og:url\" content=\"https:\/\/landscapingdealer.com\/fr\/classes-de-poussiere\/\" \/>\n<meta property=\"og:site_name\" content=\"Landscaping Dealer\" \/>\n<meta property=\"article:modified_time\" content=\"2026-01-19T01:41:03+00:00\" \/>\n<meta name=\"twitter:card\" content=\"summary_large_image\" \/>\n<meta name=\"twitter:title\" content=\"STIHL Classes de poussi\u00e8re\" \/>\n<meta name=\"twitter:description\" content=\"Il existe trois classes de tissus diff\u00e9rentes L M et H. Voici ce qui les rend diff\u00e9rents La classe de poussi\u00e8re L comprend la poussi\u00e8re domestique...\" \/>\n<script type=\"application\/ld+json\" class=\"yoast-schema-graph\">{\"@context\":\"https:\\\/\\\/schema.org\",\"@graph\":[{\"@type\":\"WebPage\",\"@id\":\"https:\\\/\\\/landscapingdealer.com\\\/fr\\\/classes-de-poussiere\\\/\",\"url\":\"https:\\\/\\\/landscapingdealer.com\\\/fr\\\/classes-de-poussiere\\\/\",\"name\":\"STIHL Classes de poussi\u00e8re\",\"isPartOf\":{\"@id\":\"https:\\\/\\\/landscapingdealer.com\\\/fr\\\/#website\"},\"datePublished\":\"2025-07-06T15:21:16+00:00\",\"dateModified\":\"2026-01-19T01:41:03+00:00\",\"description\":\"Il existe trois classes de tissus diff\u00e9rentes L M et H. Voici ce qui les rend diff\u00e9rents La classe de poussi\u00e8re L comprend la poussi\u00e8re domestique...\",\"breadcrumb\":{\"@id\":\"https:\\\/\\\/landscapingdealer.com\\\/fr\\\/classes-de-poussiere\\\/#breadcrumb\"},\"inLanguage\":\"fr-BE\",\"potentialAction\":[{\"@type\":\"ReadAction\",\"target\":[\"https:\\\/\\\/landscapingdealer.com\\\/fr\\\/classes-de-poussiere\\\/\"]}]},{\"@type\":\"BreadcrumbList\",\"@id\":\"https:\\\/\\\/landscapingdealer.com\\\/fr\\\/classes-de-poussiere\\\/#breadcrumb\",\"itemListElement\":[{\"@type\":\"ListItem\",\"position\":1,\"name\":\"Home\",\"item\":\"https:\\\/\\\/landscapingdealer.com\\\/fr\\\/page-daccueil-nouveau\\\/\"},{\"@type\":\"ListItem\",\"position\":2,\"name\":\"Classes de poussi\u00e8re\"}]},{\"@type\":\"WebSite\",\"@id\":\"https:\\\/\\\/landscapingdealer.com\\\/fr\\\/#website\",\"url\":\"https:\\\/\\\/landscapingdealer.com\\\/fr\\\/\",\"name\":\"Landscaping Dealer\",\"description\":\"Just another WordPress site\",\"potentialAction\":[{\"@type\":\"SearchAction\",\"target\":{\"@type\":\"EntryPoint\",\"urlTemplate\":\"https:\\\/\\\/landscapingdealer.com\\\/fr\\\/?s={search_term_string}\"},\"query-input\":{\"@type\":\"PropertyValueSpecification\",\"valueRequired\":true,\"valueName\":\"search_term_string\"}}],\"inLanguage\":\"fr-BE\"}]}<\/script>\n<!-- \/ Yoast SEO plugin. -->","yoast_head_json":{"title":"STIHL Classes de poussi\u00e8re","description":"Il existe trois classes de tissus diff\u00e9rentes L M et H. Voici ce qui les rend diff\u00e9rents La classe de poussi\u00e8re L comprend la poussi\u00e8re domestique...","robots":{"index":"noindex","follow":"follow","max-snippet":"max-snippet:-1","max-image-preview":"max-image-preview:large","max-video-preview":"max-video-preview:-1"},"og_locale":"fr_FR","og_type":"article","og_title":"STIHL Classes de poussi\u00e8re","og_description":"Il existe trois classes de tissus diff\u00e9rentes L M et H. Voici ce qui les rend diff\u00e9rents La classe de poussi\u00e8re L comprend la poussi\u00e8re domestique...","og_url":"https:\/\/landscapingdealer.com\/fr\/classes-de-poussiere\/","og_site_name":"Landscaping Dealer","article_modified_time":"2026-01-19T01:41:03+00:00","twitter_card":"summary_large_image","twitter_title":"STIHL Classes de poussi\u00e8re","twitter_description":"Il existe trois classes de tissus diff\u00e9rentes L M et H. Voici ce qui les rend diff\u00e9rents La classe de poussi\u00e8re L comprend la poussi\u00e8re domestique...","schema":{"@context":"https:\/\/schema.org","@graph":[{"@type":"WebPage","@id":"https:\/\/landscapingdealer.com\/fr\/classes-de-poussiere\/","url":"https:\/\/landscapingdealer.com\/fr\/classes-de-poussiere\/","name":"STIHL Classes de poussi\u00e8re","isPartOf":{"@id":"https:\/\/landscapingdealer.com\/fr\/#website"},"datePublished":"2025-07-06T15:21:16+00:00","dateModified":"2026-01-19T01:41:03+00:00","description":"Il existe trois classes de tissus diff\u00e9rentes L M et H. Voici ce qui les rend diff\u00e9rents La classe de poussi\u00e8re L comprend la poussi\u00e8re domestique...","breadcrumb":{"@id":"https:\/\/landscapingdealer.com\/fr\/classes-de-poussiere\/#breadcrumb"},"inLanguage":"fr-BE","potentialAction":[{"@type":"ReadAction","target":["https:\/\/landscapingdealer.com\/fr\/classes-de-poussiere\/"]}]},{"@type":"BreadcrumbList","@id":"https:\/\/landscapingdealer.com\/fr\/classes-de-poussiere\/#breadcrumb","itemListElement":[{"@type":"ListItem","position":1,"name":"Home","item":"https:\/\/landscapingdealer.com\/fr\/page-daccueil-nouveau\/"},{"@type":"ListItem","position":2,"name":"Classes de poussi\u00e8re"}]},{"@type":"WebSite","@id":"https:\/\/landscapingdealer.com\/fr\/#website","url":"https:\/\/landscapingdealer.com\/fr\/","name":"Landscaping Dealer","description":"Just another WordPress site","potentialAction":[{"@type":"SearchAction","target":{"@type":"EntryPoint","urlTemplate":"https:\/\/landscapingdealer.com\/fr\/?s={search_term_string}"},"query-input":{"@type":"PropertyValueSpecification","valueRequired":true,"valueName":"search_term_string"}}],"inLanguage":"fr-BE"}]}},"_links":{"self":[{"href":"https:\/\/landscapingdealer.com\/fr\/wp-json\/wp\/v2\/pages\/1137322","targetHints":{"allow":["GET"]}}],"collection":[{"href":"https:\/\/landscapingdealer.com\/fr\/wp-json\/wp\/v2\/pages"}],"about":[{"href":"https:\/\/landscapingdealer.com\/fr\/wp-json\/wp\/v2\/types\/page"}],"author":[{"embeddable":true,"href":"https:\/\/landscapingdealer.com\/fr\/wp-json\/wp\/v2\/users\/1"}],"replies":[{"embeddable":true,"href":"https:\/\/landscapingdealer.com\/fr\/wp-json\/wp\/v2\/comments?post=1137322"}],"version-history":[{"count":1,"href":"https:\/\/landscapingdealer.com\/fr\/wp-json\/wp\/v2\/pages\/1137322\/revisions"}],"predecessor-version":[{"id":1137341,"href":"https:\/\/landscapingdealer.com\/fr\/wp-json\/wp\/v2\/pages\/1137322\/revisions\/1137341"}],"wp:attachment":[{"href":"https:\/\/landscapingdealer.com\/fr\/wp-json\/wp\/v2\/media?parent=1137322"}],"curies":[{"name":"wp","href":"https:\/\/api.w.org\/{rel}","templated":true}]}}