{"id":1137324,"date":"2025-07-06T15:22:27","date_gmt":"2025-07-06T15:22:27","guid":{"rendered":"https:\/\/landscapingdealer.com\/conforme-a-la-norme-co2-euro-v\/"},"modified":"2026-01-19T01:41:18","modified_gmt":"2026-01-19T01:41:18","slug":"conforme-a-la-norme-co2-euro-v","status":"publish","type":"page","link":"https:\/\/landscapingdealer.com\/fr\/conforme-a-la-norme-co2-euro-v\/","title":{"rendered":"Conforme \u00e0 la norme CO2 EURO V"},"content":{"rendered":"","protected":false},"excerpt":{"rendered":"","protected":false},"author":1,"featured_media":0,"parent":0,"menu_order":0,"comment_status":"closed","ping_status":"closed","template":"page.php","meta":{"_acf_changed":false,"footnotes":""},"class_list":["post-1137324","page","type-page","status-publish","hentry"],"acf":[],"yoast_head":"<!-- This site is optimized with the Yoast SEO plugin v27.4 - https:\/\/yoast.com\/product\/yoast-seo-wordpress\/ -->\n<title>STIHL Conforme \u00e0 la norme CO2 EURO V<\/title>\n<meta name=\"description\" content=\"Vous pouvez d\u00e9couvrir ici si votre produit STIHL est conforme aux nouvelles limites d&#039;\u00e9mission selon EURO V. Le r\u00e8glement UE 2016 1628 EURO V en vi...\" \/>\n<meta name=\"robots\" content=\"noindex, follow, max-snippet:-1, max-image-preview:large, max-video-preview:-1\" \/>\n<meta property=\"og:locale\" content=\"fr_FR\" \/>\n<meta property=\"og:type\" content=\"article\" \/>\n<meta property=\"og:title\" content=\"STIHL Conforme \u00e0 la norme CO2 EURO V\" \/>\n<meta property=\"og:description\" content=\"Vous pouvez d\u00e9couvrir ici si votre produit STIHL est conforme aux nouvelles limites d&#039;\u00e9mission selon EURO V. Le r\u00e8glement UE 2016 1628 EURO V en vi...\" \/>\n<meta property=\"og:url\" content=\"https:\/\/landscapingdealer.com\/fr\/conforme-a-la-norme-co2-euro-v\/\" \/>\n<meta property=\"og:site_name\" content=\"Landscaping Dealer\" \/>\n<meta property=\"article:modified_time\" content=\"2026-01-19T01:41:18+00:00\" \/>\n<meta name=\"twitter:card\" content=\"summary_large_image\" \/>\n<meta name=\"twitter:title\" content=\"STIHL Conforme \u00e0 la norme CO2 EURO V\" \/>\n<meta name=\"twitter:description\" content=\"Vous pouvez d\u00e9couvrir ici si votre produit STIHL est conforme aux nouvelles limites d&#039;\u00e9mission selon EURO V. Le r\u00e8glement UE 2016 1628 EURO V en vi...\" \/>\n<script type=\"application\/ld+json\" class=\"yoast-schema-graph\">{\"@context\":\"https:\\\/\\\/schema.org\",\"@graph\":[{\"@type\":\"WebPage\",\"@id\":\"https:\\\/\\\/landscapingdealer.com\\\/fr\\\/conforme-a-la-norme-co2-euro-v\\\/\",\"url\":\"https:\\\/\\\/landscapingdealer.com\\\/fr\\\/conforme-a-la-norme-co2-euro-v\\\/\",\"name\":\"STIHL Conforme \u00e0 la norme CO2 EURO V\",\"isPartOf\":{\"@id\":\"https:\\\/\\\/landscapingdealer.com\\\/fr\\\/#website\"},\"datePublished\":\"2025-07-06T15:22:27+00:00\",\"dateModified\":\"2026-01-19T01:41:18+00:00\",\"description\":\"Vous pouvez d\u00e9couvrir ici si votre produit STIHL est conforme aux nouvelles limites d'\u00e9mission selon EURO V. Le r\u00e8glement UE 2016 1628 EURO V en vi...\",\"breadcrumb\":{\"@id\":\"https:\\\/\\\/landscapingdealer.com\\\/fr\\\/conforme-a-la-norme-co2-euro-v\\\/#breadcrumb\"},\"inLanguage\":\"fr-BE\",\"potentialAction\":[{\"@type\":\"ReadAction\",\"target\":[\"https:\\\/\\\/landscapingdealer.com\\\/fr\\\/conforme-a-la-norme-co2-euro-v\\\/\"]}]},{\"@type\":\"BreadcrumbList\",\"@id\":\"https:\\\/\\\/landscapingdealer.com\\\/fr\\\/conforme-a-la-norme-co2-euro-v\\\/#breadcrumb\",\"itemListElement\":[{\"@type\":\"ListItem\",\"position\":1,\"name\":\"Home\",\"item\":\"https:\\\/\\\/landscapingdealer.com\\\/fr\\\/page-daccueil-nouveau\\\/\"},{\"@type\":\"ListItem\",\"position\":2,\"name\":\"Conforme \u00e0 la norme CO2 EURO V\"}]},{\"@type\":\"WebSite\",\"@id\":\"https:\\\/\\\/landscapingdealer.com\\\/fr\\\/#website\",\"url\":\"https:\\\/\\\/landscapingdealer.com\\\/fr\\\/\",\"name\":\"Landscaping Dealer\",\"description\":\"Just another WordPress site\",\"potentialAction\":[{\"@type\":\"SearchAction\",\"target\":{\"@type\":\"EntryPoint\",\"urlTemplate\":\"https:\\\/\\\/landscapingdealer.com\\\/fr\\\/?s={search_term_string}\"},\"query-input\":{\"@type\":\"PropertyValueSpecification\",\"valueRequired\":true,\"valueName\":\"search_term_string\"}}],\"inLanguage\":\"fr-BE\"}]}<\/script>\n<!-- \/ Yoast SEO plugin. -->","yoast_head_json":{"title":"STIHL Conforme \u00e0 la norme CO2 EURO V","description":"Vous pouvez d\u00e9couvrir ici si votre produit STIHL est conforme aux nouvelles limites d'\u00e9mission selon EURO V. Le r\u00e8glement UE 2016 1628 EURO V en vi...","robots":{"index":"noindex","follow":"follow","max-snippet":"max-snippet:-1","max-image-preview":"max-image-preview:large","max-video-preview":"max-video-preview:-1"},"og_locale":"fr_FR","og_type":"article","og_title":"STIHL Conforme \u00e0 la norme CO2 EURO V","og_description":"Vous pouvez d\u00e9couvrir ici si votre produit STIHL est conforme aux nouvelles limites d'\u00e9mission selon EURO V. Le r\u00e8glement UE 2016 1628 EURO V en vi...","og_url":"https:\/\/landscapingdealer.com\/fr\/conforme-a-la-norme-co2-euro-v\/","og_site_name":"Landscaping Dealer","article_modified_time":"2026-01-19T01:41:18+00:00","twitter_card":"summary_large_image","twitter_title":"STIHL Conforme \u00e0 la norme CO2 EURO V","twitter_description":"Vous pouvez d\u00e9couvrir ici si votre produit STIHL est conforme aux nouvelles limites d'\u00e9mission selon EURO V. Le r\u00e8glement UE 2016 1628 EURO V en vi...","schema":{"@context":"https:\/\/schema.org","@graph":[{"@type":"WebPage","@id":"https:\/\/landscapingdealer.com\/fr\/conforme-a-la-norme-co2-euro-v\/","url":"https:\/\/landscapingdealer.com\/fr\/conforme-a-la-norme-co2-euro-v\/","name":"STIHL Conforme \u00e0 la norme CO2 EURO V","isPartOf":{"@id":"https:\/\/landscapingdealer.com\/fr\/#website"},"datePublished":"2025-07-06T15:22:27+00:00","dateModified":"2026-01-19T01:41:18+00:00","description":"Vous pouvez d\u00e9couvrir ici si votre produit STIHL est conforme aux nouvelles limites d'\u00e9mission selon EURO V. Le r\u00e8glement UE 2016 1628 EURO V en vi...","breadcrumb":{"@id":"https:\/\/landscapingdealer.com\/fr\/conforme-a-la-norme-co2-euro-v\/#breadcrumb"},"inLanguage":"fr-BE","potentialAction":[{"@type":"ReadAction","target":["https:\/\/landscapingdealer.com\/fr\/conforme-a-la-norme-co2-euro-v\/"]}]},{"@type":"BreadcrumbList","@id":"https:\/\/landscapingdealer.com\/fr\/conforme-a-la-norme-co2-euro-v\/#breadcrumb","itemListElement":[{"@type":"ListItem","position":1,"name":"Home","item":"https:\/\/landscapingdealer.com\/fr\/page-daccueil-nouveau\/"},{"@type":"ListItem","position":2,"name":"Conforme \u00e0 la norme CO2 EURO V"}]},{"@type":"WebSite","@id":"https:\/\/landscapingdealer.com\/fr\/#website","url":"https:\/\/landscapingdealer.com\/fr\/","name":"Landscaping Dealer","description":"Just another WordPress site","potentialAction":[{"@type":"SearchAction","target":{"@type":"EntryPoint","urlTemplate":"https:\/\/landscapingdealer.com\/fr\/?s={search_term_string}"},"query-input":{"@type":"PropertyValueSpecification","valueRequired":true,"valueName":"search_term_string"}}],"inLanguage":"fr-BE"}]}},"_links":{"self":[{"href":"https:\/\/landscapingdealer.com\/fr\/wp-json\/wp\/v2\/pages\/1137324","targetHints":{"allow":["GET"]}}],"collection":[{"href":"https:\/\/landscapingdealer.com\/fr\/wp-json\/wp\/v2\/pages"}],"about":[{"href":"https:\/\/landscapingdealer.com\/fr\/wp-json\/wp\/v2\/types\/page"}],"author":[{"embeddable":true,"href":"https:\/\/landscapingdealer.com\/fr\/wp-json\/wp\/v2\/users\/1"}],"replies":[{"embeddable":true,"href":"https:\/\/landscapingdealer.com\/fr\/wp-json\/wp\/v2\/comments?post=1137324"}],"version-history":[{"count":1,"href":"https:\/\/landscapingdealer.com\/fr\/wp-json\/wp\/v2\/pages\/1137324\/revisions"}],"predecessor-version":[{"id":1137343,"href":"https:\/\/landscapingdealer.com\/fr\/wp-json\/wp\/v2\/pages\/1137324\/revisions\/1137343"}],"wp:attachment":[{"href":"https:\/\/landscapingdealer.com\/fr\/wp-json\/wp\/v2\/media?parent=1137324"}],"curies":[{"name":"wp","href":"https:\/\/api.w.org\/{rel}","templated":true}]}}