{"id":1133799,"date":"2025-05-23T03:18:28","date_gmt":"2025-05-23T03:18:28","guid":{"rendered":"https:\/\/landscapingdealer.com\/product\/stihl-km-94-rc-e-fr\/"},"modified":"2026-04-25T06:14:31","modified_gmt":"2026-04-25T06:14:31","slug":"stihl-km-94-rc-e-fr","status":"publish","type":"product","link":"https:\/\/landscapingdealer.com\/fr\/product\/stihl-km-94-rc-e-fr\/","title":{"rendered":"KM 94 RC-E"},"content":{"rendered":"","protected":false},"excerpt":{"rendered":"","protected":false},"featured_media":1151391,"template":"","meta":{"_acf_changed":false},"product_brand":[],"product_cat":[6364,6370,6363],"product_tag":[6429,6428,6428],"class_list":{"0":"post-1133799","1":"product","2":"type-product","3":"status-publish","4":"has-post-thumbnail","6":"product_cat-appareils-et-outils-fr","7":"product_cat-combisysteme-multisysteme-fr","8":"product_cat-stihl-fr","9":"product_tag-stihl-fr","10":"product_tag-syndique","13":"first","14":"instock","15":"sale","16":"shipping-taxable","17":"purchasable","18":"product-type-simple"},"acf":[],"yoast_head":"<!-- This site is optimized with the Yoast SEO plugin v27.4 - https:\/\/yoast.com\/product\/yoast-seo-wordpress\/ -->\n<title>STIHL KM 94 RC-E - Moteur CombiSyst\u00e8me thermique<\/title>\n<meta name=\"description\" content=\"STIHL KM 94 RC-E Moteur CombiSyst\u00e8me performant pour les professionnels \u00c0 combiner avec diff\u00e9rents outils En savoir plus by Landscaping Dealer\" \/>\n<meta name=\"robots\" content=\"noindex, follow, max-snippet:-1, max-image-preview:large, max-video-preview:-1\" \/>\n<meta property=\"og:locale\" content=\"fr_FR\" \/>\n<meta property=\"og:type\" content=\"article\" \/>\n<meta property=\"og:title\" content=\"STIHL KM 94 RC-E - Moteur CombiSyst\u00e8me thermique\" \/>\n<meta property=\"og:description\" content=\"STIHL KM 94 RC-E Moteur CombiSyst\u00e8me performant pour les professionnels \u00c0 combiner avec diff\u00e9rents outils En savoir plus by Landscaping Dealer\" \/>\n<meta property=\"og:url\" content=\"https:\/\/landscapingdealer.com\/fr\/product\/stihl-km-94-rc-e-fr\/\" \/>\n<meta property=\"og:site_name\" content=\"Landscaping Dealer\" \/>\n<meta property=\"article:modified_time\" content=\"2026-04-25T06:14:31+00:00\" \/>\n<meta property=\"og:image\" content=\"https:\/\/landscapingdealer.com\/wp-content\/uploads\/2025\/12\/38795_A-KM94RC-D001-2.webp\" \/>\n\t<meta property=\"og:image:width\" content=\"960\" \/>\n\t<meta property=\"og:image:height\" content=\"1280\" \/>\n\t<meta property=\"og:image:type\" content=\"image\/webp\" \/>\n<meta name=\"twitter:card\" content=\"summary_large_image\" \/>\n<meta name=\"twitter:title\" content=\"STIHL KM 94 RC-E - Moteur CombiSyst\u00e8me thermique\" \/>\n<meta name=\"twitter:description\" content=\"STIHL KM 94 RC-E Moteur CombiSyst\u00e8me performant pour les professionnels \u00c0 combiner avec diff\u00e9rents outils En savoir plus by Landscaping Dealer\" \/>\n<meta name=\"twitter:image\" content=\"https:\/\/landscapingdealer.com\/wp-content\/uploads\/2025\/12\/38795_A-KM94RC-D001-2.webp\" \/>\n<script type=\"application\/ld+json\" class=\"yoast-schema-graph\">{\"@context\":\"https:\\\/\\\/schema.org\",\"@graph\":[{\"@type\":\"WebPage\",\"@id\":\"https:\\\/\\\/landscapingdealer.com\\\/fr\\\/product\\\/stihl-km-94-rc-e-fr\\\/\",\"url\":\"https:\\\/\\\/landscapingdealer.com\\\/fr\\\/product\\\/stihl-km-94-rc-e-fr\\\/\",\"name\":\"STIHL KM 94 RC-E - Moteur CombiSyst\u00e8me thermique\",\"isPartOf\":{\"@id\":\"https:\\\/\\\/landscapingdealer.com\\\/fr\\\/#website\"},\"primaryImageOfPage\":{\"@id\":\"https:\\\/\\\/landscapingdealer.com\\\/fr\\\/product\\\/stihl-km-94-rc-e-fr\\\/#primaryimage\"},\"image\":{\"@id\":\"https:\\\/\\\/landscapingdealer.com\\\/fr\\\/product\\\/stihl-km-94-rc-e-fr\\\/#primaryimage\"},\"thumbnailUrl\":\"https:\\\/\\\/landscapingdealer.com\\\/wp-content\\\/uploads\\\/2025\\\/12\\\/38795_A-KM94RC-D001-2.webp\",\"datePublished\":\"2025-05-23T03:18:28+00:00\",\"dateModified\":\"2026-04-25T06:14:31+00:00\",\"description\":\"STIHL KM 94 RC-E Moteur CombiSyst\u00e8me performant pour les professionnels \u00c0 combiner avec diff\u00e9rents outils En savoir plus by Landscaping Dealer\",\"breadcrumb\":{\"@id\":\"https:\\\/\\\/landscapingdealer.com\\\/fr\\\/product\\\/stihl-km-94-rc-e-fr\\\/#breadcrumb\"},\"inLanguage\":\"fr-BE\",\"potentialAction\":[{\"@type\":\"ReadAction\",\"target\":[\"https:\\\/\\\/landscapingdealer.com\\\/fr\\\/product\\\/stihl-km-94-rc-e-fr\\\/\"]}]},{\"@type\":\"ImageObject\",\"inLanguage\":\"fr-BE\",\"@id\":\"https:\\\/\\\/landscapingdealer.com\\\/fr\\\/product\\\/stihl-km-94-rc-e-fr\\\/#primaryimage\",\"url\":\"https:\\\/\\\/landscapingdealer.com\\\/wp-content\\\/uploads\\\/2025\\\/12\\\/38795_A-KM94RC-D001-2.webp\",\"contentUrl\":\"https:\\\/\\\/landscapingdealer.com\\\/wp-content\\\/uploads\\\/2025\\\/12\\\/38795_A-KM94RC-D001-2.webp\",\"width\":960,\"height\":1280},{\"@type\":\"BreadcrumbList\",\"@id\":\"https:\\\/\\\/landscapingdealer.com\\\/fr\\\/product\\\/stihl-km-94-rc-e-fr\\\/#breadcrumb\",\"itemListElement\":[{\"@type\":\"ListItem\",\"position\":1,\"name\":\"Home\",\"item\":\"https:\\\/\\\/landscapingdealer.com\\\/fr\\\/page-daccueil-nouveau\\\/\"},{\"@type\":\"ListItem\",\"position\":2,\"name\":\"Boutique\",\"item\":\"https:\\\/\\\/landscapingdealer.com\\\/boutique\\\/\"},{\"@type\":\"ListItem\",\"position\":3,\"name\":\"STIHL\",\"item\":\"https:\\\/\\\/landscapingdealer.com\\\/fr\\\/product-categorie\\\/stihl-fr\\\/\"},{\"@type\":\"ListItem\",\"position\":4,\"name\":\"Appareils et outils\",\"item\":\"https:\\\/\\\/landscapingdealer.com\\\/fr\\\/product-categorie\\\/stihl-fr\\\/appareils-et-outils-fr\\\/\"},{\"@type\":\"ListItem\",\"position\":5,\"name\":\"KM 94 RC-E\"}]},{\"@type\":\"WebSite\",\"@id\":\"https:\\\/\\\/landscapingdealer.com\\\/fr\\\/#website\",\"url\":\"https:\\\/\\\/landscapingdealer.com\\\/fr\\\/\",\"name\":\"Landscaping Dealer\",\"description\":\"Just another WordPress site\",\"potentialAction\":[{\"@type\":\"SearchAction\",\"target\":{\"@type\":\"EntryPoint\",\"urlTemplate\":\"https:\\\/\\\/landscapingdealer.com\\\/fr\\\/?s={search_term_string}\"},\"query-input\":{\"@type\":\"PropertyValueSpecification\",\"valueRequired\":true,\"valueName\":\"search_term_string\"}}],\"inLanguage\":\"fr-BE\"}]}<\/script>\n<!-- \/ Yoast SEO plugin. -->","yoast_head_json":{"title":"STIHL KM 94 RC-E - Moteur CombiSyst\u00e8me thermique","description":"STIHL KM 94 RC-E Moteur CombiSyst\u00e8me performant pour les professionnels \u00c0 combiner avec diff\u00e9rents outils En savoir plus by Landscaping Dealer","robots":{"index":"noindex","follow":"follow","max-snippet":"max-snippet:-1","max-image-preview":"max-image-preview:large","max-video-preview":"max-video-preview:-1"},"og_locale":"fr_FR","og_type":"article","og_title":"STIHL KM 94 RC-E - Moteur CombiSyst\u00e8me thermique","og_description":"STIHL KM 94 RC-E Moteur CombiSyst\u00e8me performant pour les professionnels \u00c0 combiner avec diff\u00e9rents outils En savoir plus by Landscaping Dealer","og_url":"https:\/\/landscapingdealer.com\/fr\/product\/stihl-km-94-rc-e-fr\/","og_site_name":"Landscaping Dealer","article_modified_time":"2026-04-25T06:14:31+00:00","og_image":[{"width":960,"height":1280,"url":"https:\/\/landscapingdealer.com\/wp-content\/uploads\/2025\/12\/38795_A-KM94RC-D001-2.webp","type":"image\/webp"}],"twitter_card":"summary_large_image","twitter_title":"STIHL KM 94 RC-E - Moteur CombiSyst\u00e8me thermique","twitter_description":"STIHL KM 94 RC-E Moteur CombiSyst\u00e8me performant pour les professionnels \u00c0 combiner avec diff\u00e9rents outils En savoir plus by Landscaping Dealer","twitter_image":"https:\/\/landscapingdealer.com\/wp-content\/uploads\/2025\/12\/38795_A-KM94RC-D001-2.webp","schema":{"@context":"https:\/\/schema.org","@graph":[{"@type":"WebPage","@id":"https:\/\/landscapingdealer.com\/fr\/product\/stihl-km-94-rc-e-fr\/","url":"https:\/\/landscapingdealer.com\/fr\/product\/stihl-km-94-rc-e-fr\/","name":"STIHL KM 94 RC-E - Moteur CombiSyst\u00e8me thermique","isPartOf":{"@id":"https:\/\/landscapingdealer.com\/fr\/#website"},"primaryImageOfPage":{"@id":"https:\/\/landscapingdealer.com\/fr\/product\/stihl-km-94-rc-e-fr\/#primaryimage"},"image":{"@id":"https:\/\/landscapingdealer.com\/fr\/product\/stihl-km-94-rc-e-fr\/#primaryimage"},"thumbnailUrl":"https:\/\/landscapingdealer.com\/wp-content\/uploads\/2025\/12\/38795_A-KM94RC-D001-2.webp","datePublished":"2025-05-23T03:18:28+00:00","dateModified":"2026-04-25T06:14:31+00:00","description":"STIHL KM 94 RC-E Moteur CombiSyst\u00e8me performant pour les professionnels \u00c0 combiner avec diff\u00e9rents outils En savoir plus by Landscaping Dealer","breadcrumb":{"@id":"https:\/\/landscapingdealer.com\/fr\/product\/stihl-km-94-rc-e-fr\/#breadcrumb"},"inLanguage":"fr-BE","potentialAction":[{"@type":"ReadAction","target":["https:\/\/landscapingdealer.com\/fr\/product\/stihl-km-94-rc-e-fr\/"]}]},{"@type":"ImageObject","inLanguage":"fr-BE","@id":"https:\/\/landscapingdealer.com\/fr\/product\/stihl-km-94-rc-e-fr\/#primaryimage","url":"https:\/\/landscapingdealer.com\/wp-content\/uploads\/2025\/12\/38795_A-KM94RC-D001-2.webp","contentUrl":"https:\/\/landscapingdealer.com\/wp-content\/uploads\/2025\/12\/38795_A-KM94RC-D001-2.webp","width":960,"height":1280},{"@type":"BreadcrumbList","@id":"https:\/\/landscapingdealer.com\/fr\/product\/stihl-km-94-rc-e-fr\/#breadcrumb","itemListElement":[{"@type":"ListItem","position":1,"name":"Home","item":"https:\/\/landscapingdealer.com\/fr\/page-daccueil-nouveau\/"},{"@type":"ListItem","position":2,"name":"Boutique","item":"https:\/\/landscapingdealer.com\/boutique\/"},{"@type":"ListItem","position":3,"name":"STIHL","item":"https:\/\/landscapingdealer.com\/fr\/product-categorie\/stihl-fr\/"},{"@type":"ListItem","position":4,"name":"Appareils et outils","item":"https:\/\/landscapingdealer.com\/fr\/product-categorie\/stihl-fr\/appareils-et-outils-fr\/"},{"@type":"ListItem","position":5,"name":"KM 94 RC-E"}]},{"@type":"WebSite","@id":"https:\/\/landscapingdealer.com\/fr\/#website","url":"https:\/\/landscapingdealer.com\/fr\/","name":"Landscaping Dealer","description":"Just another WordPress site","potentialAction":[{"@type":"SearchAction","target":{"@type":"EntryPoint","urlTemplate":"https:\/\/landscapingdealer.com\/fr\/?s={search_term_string}"},"query-input":{"@type":"PropertyValueSpecification","valueRequired":true,"valueName":"search_term_string"}}],"inLanguage":"fr-BE"}]}},"_links":{"self":[{"href":"https:\/\/landscapingdealer.com\/fr\/wp-json\/wp\/v2\/product\/1133799","targetHints":{"allow":["GET"]}}],"collection":[{"href":"https:\/\/landscapingdealer.com\/fr\/wp-json\/wp\/v2\/product"}],"about":[{"href":"https:\/\/landscapingdealer.com\/fr\/wp-json\/wp\/v2\/types\/product"}],"wp:featuredmedia":[{"embeddable":true,"href":"https:\/\/landscapingdealer.com\/fr\/wp-json\/wp\/v2\/media\/1151391"}],"wp:attachment":[{"href":"https:\/\/landscapingdealer.com\/fr\/wp-json\/wp\/v2\/media?parent=1133799"}],"wp:term":[{"taxonomy":"product_brand","embeddable":true,"href":"https:\/\/landscapingdealer.com\/fr\/wp-json\/wp\/v2\/product_brand?post=1133799"},{"taxonomy":"product_cat","embeddable":true,"href":"https:\/\/landscapingdealer.com\/fr\/wp-json\/wp\/v2\/product_cat?post=1133799"},{"taxonomy":"product_tag","embeddable":true,"href":"https:\/\/landscapingdealer.com\/fr\/wp-json\/wp\/v2\/product_tag?post=1133799"}],"curies":[{"name":"wp","href":"https:\/\/api.w.org\/{rel}","templated":true}]}}