{"id":1134114,"date":"2025-05-23T04:19:40","date_gmt":"2025-05-23T04:19:40","guid":{"rendered":"https:\/\/landscapingdealer.com\/product\/stihl-bga-300-sans-batterie-ni-chargeur-fr\/"},"modified":"2026-04-25T06:42:04","modified_gmt":"2026-04-25T06:42:04","slug":"stihl-bga-300-sans-batterie-ni-chargeur-fr","status":"publish","type":"product","link":"https:\/\/landscapingdealer.com\/fr\/product\/stihl-bga-300-sans-batterie-ni-chargeur-fr\/","title":{"rendered":"BGA 300, sans batterie ni chargeur"},"content":{"rendered":"","protected":false},"excerpt":{"rendered":"","protected":false},"featured_media":1158233,"template":"","meta":{"_acf_changed":false},"product_brand":[],"product_cat":[6364,6369,6363],"product_tag":[6429,6428,6428],"class_list":{"0":"post-1134114","1":"product","2":"type-product","3":"status-publish","4":"has-post-thumbnail","6":"product_cat-appareils-et-outils-fr","7":"product_cat-souffleurs-aspirateurs-de-feuilles-fr","8":"product_cat-stihl-fr","9":"product_tag-stihl-fr","10":"product_tag-syndique","13":"first","14":"instock","15":"shipping-taxable","16":"purchasable","17":"product-type-simple"},"acf":[],"yoast_head":"<!-- This site is optimized with the Yoast SEO plugin v27.4 - https:\/\/yoast.com\/product\/yoast-seo-wordpress\/ -->\n<title>STIHL BGA 300 - Souffleur dorsal sur batterie<\/title>\n<meta name=\"description\" content=\"STIHL BGA 300 sans batterie ni chargeur Souffleur ultra silencieux STIHL BGA 300 dorsal puissance de soufflage tr\u00e8s \u00e9lev\u00e9e syst\u00e8me de port En...\" \/>\n<meta name=\"robots\" content=\"noindex, follow, max-snippet:-1, max-image-preview:large, max-video-preview:-1\" \/>\n<meta property=\"og:locale\" content=\"fr_FR\" \/>\n<meta property=\"og:type\" content=\"article\" \/>\n<meta property=\"og:title\" content=\"STIHL BGA 300 - Souffleur dorsal sur batterie\" \/>\n<meta property=\"og:description\" content=\"STIHL BGA 300 sans batterie ni chargeur Souffleur ultra silencieux STIHL BGA 300 dorsal puissance de soufflage tr\u00e8s \u00e9lev\u00e9e syst\u00e8me de port En...\" \/>\n<meta property=\"og:url\" content=\"https:\/\/landscapingdealer.com\/fr\/product\/stihl-bga-300-sans-batterie-ni-chargeur-fr\/\" \/>\n<meta property=\"og:site_name\" content=\"Landscaping Dealer\" \/>\n<meta property=\"article:modified_time\" content=\"2026-04-25T06:42:04+00:00\" \/>\n<meta property=\"og:image\" content=\"https:\/\/landscapingdealer.com\/wp-content\/uploads\/2026\/01\/54206_BG-BGA300-EU-SP-001.webp\" \/>\n\t<meta property=\"og:image:width\" content=\"960\" \/>\n\t<meta property=\"og:image:height\" content=\"640\" \/>\n\t<meta property=\"og:image:type\" content=\"image\/webp\" \/>\n<meta name=\"twitter:card\" content=\"summary_large_image\" \/>\n<meta name=\"twitter:title\" content=\"STIHL BGA 300 - Souffleur dorsal sur batterie\" \/>\n<meta name=\"twitter:description\" content=\"STIHL BGA 300 sans batterie ni chargeur Souffleur ultra silencieux STIHL BGA 300 dorsal puissance de soufflage tr\u00e8s \u00e9lev\u00e9e syst\u00e8me de port En...\" \/>\n<meta name=\"twitter:image\" content=\"https:\/\/landscapingdealer.com\/wp-content\/uploads\/2026\/01\/54206_BG-BGA300-EU-SP-001.webp\" \/>\n<script type=\"application\/ld+json\" class=\"yoast-schema-graph\">{\"@context\":\"https:\\\/\\\/schema.org\",\"@graph\":[{\"@type\":\"WebPage\",\"@id\":\"https:\\\/\\\/landscapingdealer.com\\\/fr\\\/product\\\/stihl-bga-300-sans-batterie-ni-chargeur-fr\\\/\",\"url\":\"https:\\\/\\\/landscapingdealer.com\\\/fr\\\/product\\\/stihl-bga-300-sans-batterie-ni-chargeur-fr\\\/\",\"name\":\"STIHL BGA 300 - Souffleur dorsal sur batterie\",\"isPartOf\":{\"@id\":\"https:\\\/\\\/landscapingdealer.com\\\/fr\\\/#website\"},\"primaryImageOfPage\":{\"@id\":\"https:\\\/\\\/landscapingdealer.com\\\/fr\\\/product\\\/stihl-bga-300-sans-batterie-ni-chargeur-fr\\\/#primaryimage\"},\"image\":{\"@id\":\"https:\\\/\\\/landscapingdealer.com\\\/fr\\\/product\\\/stihl-bga-300-sans-batterie-ni-chargeur-fr\\\/#primaryimage\"},\"thumbnailUrl\":\"https:\\\/\\\/landscapingdealer.com\\\/wp-content\\\/uploads\\\/2026\\\/01\\\/54206_BG-BGA300-EU-SP-001.webp\",\"datePublished\":\"2025-05-23T04:19:40+00:00\",\"dateModified\":\"2026-04-25T06:42:04+00:00\",\"description\":\"STIHL BGA 300 sans batterie ni chargeur Souffleur ultra silencieux STIHL BGA 300 dorsal puissance de soufflage tr\u00e8s \u00e9lev\u00e9e syst\u00e8me de port En...\",\"breadcrumb\":{\"@id\":\"https:\\\/\\\/landscapingdealer.com\\\/fr\\\/product\\\/stihl-bga-300-sans-batterie-ni-chargeur-fr\\\/#breadcrumb\"},\"inLanguage\":\"fr-BE\",\"potentialAction\":[{\"@type\":\"ReadAction\",\"target\":[\"https:\\\/\\\/landscapingdealer.com\\\/fr\\\/product\\\/stihl-bga-300-sans-batterie-ni-chargeur-fr\\\/\"]}]},{\"@type\":\"ImageObject\",\"inLanguage\":\"fr-BE\",\"@id\":\"https:\\\/\\\/landscapingdealer.com\\\/fr\\\/product\\\/stihl-bga-300-sans-batterie-ni-chargeur-fr\\\/#primaryimage\",\"url\":\"https:\\\/\\\/landscapingdealer.com\\\/wp-content\\\/uploads\\\/2026\\\/01\\\/54206_BG-BGA300-EU-SP-001.webp\",\"contentUrl\":\"https:\\\/\\\/landscapingdealer.com\\\/wp-content\\\/uploads\\\/2026\\\/01\\\/54206_BG-BGA300-EU-SP-001.webp\",\"width\":960,\"height\":640},{\"@type\":\"BreadcrumbList\",\"@id\":\"https:\\\/\\\/landscapingdealer.com\\\/fr\\\/product\\\/stihl-bga-300-sans-batterie-ni-chargeur-fr\\\/#breadcrumb\",\"itemListElement\":[{\"@type\":\"ListItem\",\"position\":1,\"name\":\"Home\",\"item\":\"https:\\\/\\\/landscapingdealer.com\\\/fr\\\/page-daccueil-nouveau\\\/\"},{\"@type\":\"ListItem\",\"position\":2,\"name\":\"Boutique\",\"item\":\"https:\\\/\\\/landscapingdealer.com\\\/boutique\\\/\"},{\"@type\":\"ListItem\",\"position\":3,\"name\":\"STIHL\",\"item\":\"https:\\\/\\\/landscapingdealer.com\\\/fr\\\/product-categorie\\\/stihl-fr\\\/\"},{\"@type\":\"ListItem\",\"position\":4,\"name\":\"Appareils et outils\",\"item\":\"https:\\\/\\\/landscapingdealer.com\\\/fr\\\/product-categorie\\\/stihl-fr\\\/appareils-et-outils-fr\\\/\"},{\"@type\":\"ListItem\",\"position\":5,\"name\":\"BGA 300, sans batterie ni chargeur\"}]},{\"@type\":\"WebSite\",\"@id\":\"https:\\\/\\\/landscapingdealer.com\\\/fr\\\/#website\",\"url\":\"https:\\\/\\\/landscapingdealer.com\\\/fr\\\/\",\"name\":\"Landscaping Dealer\",\"description\":\"Just another WordPress site\",\"potentialAction\":[{\"@type\":\"SearchAction\",\"target\":{\"@type\":\"EntryPoint\",\"urlTemplate\":\"https:\\\/\\\/landscapingdealer.com\\\/fr\\\/?s={search_term_string}\"},\"query-input\":{\"@type\":\"PropertyValueSpecification\",\"valueRequired\":true,\"valueName\":\"search_term_string\"}}],\"inLanguage\":\"fr-BE\"}]}<\/script>\n<!-- \/ Yoast SEO plugin. -->","yoast_head_json":{"title":"STIHL BGA 300 - Souffleur dorsal sur batterie","description":"STIHL BGA 300 sans batterie ni chargeur Souffleur ultra silencieux STIHL BGA 300 dorsal puissance de soufflage tr\u00e8s \u00e9lev\u00e9e syst\u00e8me de port En...","robots":{"index":"noindex","follow":"follow","max-snippet":"max-snippet:-1","max-image-preview":"max-image-preview:large","max-video-preview":"max-video-preview:-1"},"og_locale":"fr_FR","og_type":"article","og_title":"STIHL BGA 300 - Souffleur dorsal sur batterie","og_description":"STIHL BGA 300 sans batterie ni chargeur Souffleur ultra silencieux STIHL BGA 300 dorsal puissance de soufflage tr\u00e8s \u00e9lev\u00e9e syst\u00e8me de port En...","og_url":"https:\/\/landscapingdealer.com\/fr\/product\/stihl-bga-300-sans-batterie-ni-chargeur-fr\/","og_site_name":"Landscaping Dealer","article_modified_time":"2026-04-25T06:42:04+00:00","og_image":[{"width":960,"height":640,"url":"https:\/\/landscapingdealer.com\/wp-content\/uploads\/2026\/01\/54206_BG-BGA300-EU-SP-001.webp","type":"image\/webp"}],"twitter_card":"summary_large_image","twitter_title":"STIHL BGA 300 - Souffleur dorsal sur batterie","twitter_description":"STIHL BGA 300 sans batterie ni chargeur Souffleur ultra silencieux STIHL BGA 300 dorsal puissance de soufflage tr\u00e8s \u00e9lev\u00e9e syst\u00e8me de port En...","twitter_image":"https:\/\/landscapingdealer.com\/wp-content\/uploads\/2026\/01\/54206_BG-BGA300-EU-SP-001.webp","schema":{"@context":"https:\/\/schema.org","@graph":[{"@type":"WebPage","@id":"https:\/\/landscapingdealer.com\/fr\/product\/stihl-bga-300-sans-batterie-ni-chargeur-fr\/","url":"https:\/\/landscapingdealer.com\/fr\/product\/stihl-bga-300-sans-batterie-ni-chargeur-fr\/","name":"STIHL BGA 300 - Souffleur dorsal sur batterie","isPartOf":{"@id":"https:\/\/landscapingdealer.com\/fr\/#website"},"primaryImageOfPage":{"@id":"https:\/\/landscapingdealer.com\/fr\/product\/stihl-bga-300-sans-batterie-ni-chargeur-fr\/#primaryimage"},"image":{"@id":"https:\/\/landscapingdealer.com\/fr\/product\/stihl-bga-300-sans-batterie-ni-chargeur-fr\/#primaryimage"},"thumbnailUrl":"https:\/\/landscapingdealer.com\/wp-content\/uploads\/2026\/01\/54206_BG-BGA300-EU-SP-001.webp","datePublished":"2025-05-23T04:19:40+00:00","dateModified":"2026-04-25T06:42:04+00:00","description":"STIHL BGA 300 sans batterie ni chargeur Souffleur ultra silencieux STIHL BGA 300 dorsal puissance de soufflage tr\u00e8s \u00e9lev\u00e9e syst\u00e8me de port En...","breadcrumb":{"@id":"https:\/\/landscapingdealer.com\/fr\/product\/stihl-bga-300-sans-batterie-ni-chargeur-fr\/#breadcrumb"},"inLanguage":"fr-BE","potentialAction":[{"@type":"ReadAction","target":["https:\/\/landscapingdealer.com\/fr\/product\/stihl-bga-300-sans-batterie-ni-chargeur-fr\/"]}]},{"@type":"ImageObject","inLanguage":"fr-BE","@id":"https:\/\/landscapingdealer.com\/fr\/product\/stihl-bga-300-sans-batterie-ni-chargeur-fr\/#primaryimage","url":"https:\/\/landscapingdealer.com\/wp-content\/uploads\/2026\/01\/54206_BG-BGA300-EU-SP-001.webp","contentUrl":"https:\/\/landscapingdealer.com\/wp-content\/uploads\/2026\/01\/54206_BG-BGA300-EU-SP-001.webp","width":960,"height":640},{"@type":"BreadcrumbList","@id":"https:\/\/landscapingdealer.com\/fr\/product\/stihl-bga-300-sans-batterie-ni-chargeur-fr\/#breadcrumb","itemListElement":[{"@type":"ListItem","position":1,"name":"Home","item":"https:\/\/landscapingdealer.com\/fr\/page-daccueil-nouveau\/"},{"@type":"ListItem","position":2,"name":"Boutique","item":"https:\/\/landscapingdealer.com\/boutique\/"},{"@type":"ListItem","position":3,"name":"STIHL","item":"https:\/\/landscapingdealer.com\/fr\/product-categorie\/stihl-fr\/"},{"@type":"ListItem","position":4,"name":"Appareils et outils","item":"https:\/\/landscapingdealer.com\/fr\/product-categorie\/stihl-fr\/appareils-et-outils-fr\/"},{"@type":"ListItem","position":5,"name":"BGA 300, sans batterie ni chargeur"}]},{"@type":"WebSite","@id":"https:\/\/landscapingdealer.com\/fr\/#website","url":"https:\/\/landscapingdealer.com\/fr\/","name":"Landscaping Dealer","description":"Just another WordPress site","potentialAction":[{"@type":"SearchAction","target":{"@type":"EntryPoint","urlTemplate":"https:\/\/landscapingdealer.com\/fr\/?s={search_term_string}"},"query-input":{"@type":"PropertyValueSpecification","valueRequired":true,"valueName":"search_term_string"}}],"inLanguage":"fr-BE"}]}},"_links":{"self":[{"href":"https:\/\/landscapingdealer.com\/fr\/wp-json\/wp\/v2\/product\/1134114","targetHints":{"allow":["GET"]}}],"collection":[{"href":"https:\/\/landscapingdealer.com\/fr\/wp-json\/wp\/v2\/product"}],"about":[{"href":"https:\/\/landscapingdealer.com\/fr\/wp-json\/wp\/v2\/types\/product"}],"wp:featuredmedia":[{"embeddable":true,"href":"https:\/\/landscapingdealer.com\/fr\/wp-json\/wp\/v2\/media\/1158233"}],"wp:attachment":[{"href":"https:\/\/landscapingdealer.com\/fr\/wp-json\/wp\/v2\/media?parent=1134114"}],"wp:term":[{"taxonomy":"product_brand","embeddable":true,"href":"https:\/\/landscapingdealer.com\/fr\/wp-json\/wp\/v2\/product_brand?post=1134114"},{"taxonomy":"product_cat","embeddable":true,"href":"https:\/\/landscapingdealer.com\/fr\/wp-json\/wp\/v2\/product_cat?post=1134114"},{"taxonomy":"product_tag","embeddable":true,"href":"https:\/\/landscapingdealer.com\/fr\/wp-json\/wp\/v2\/product_tag?post=1134114"}],"curies":[{"name":"wp","href":"https:\/\/api.w.org\/{rel}","templated":true}]}}