{"id":1135080,"date":"2025-05-23T08:41:00","date_gmt":"2025-05-23T08:41:00","guid":{"rendered":"https:\/\/landscapingdealer.com\/product\/stihl-hse-81-60-cm-fr\/"},"modified":"2026-04-25T07:35:52","modified_gmt":"2026-04-25T07:35:52","slug":"stihl-hse-81-60-cm-fr","status":"publish","type":"product","link":"https:\/\/landscapingdealer.com\/fr\/product\/stihl-hse-81-60-cm-fr\/","title":{"rendered":"HSE 81, 60 cm"},"content":{"rendered":"","protected":false},"excerpt":{"rendered":"","protected":false},"featured_media":1154032,"template":"","meta":{"_acf_changed":false},"product_brand":[],"product_cat":[6364,6363,6366],"product_tag":[6429,6428,6428],"class_list":{"0":"post-1135080","1":"product","2":"type-product","3":"status-publish","4":"has-post-thumbnail","6":"product_cat-appareils-et-outils-fr","7":"product_cat-stihl-fr","8":"product_cat-taille-haies-taille-haies-sur-perche-fr","9":"product_tag-stihl-fr","10":"product_tag-syndique","13":"first","14":"instock","15":"shipping-taxable","16":"purchasable","17":"product-type-simple"},"acf":[],"yoast_head":"<!-- This site is optimized with the Yoast SEO plugin v27.4 - https:\/\/yoast.com\/product\/yoast-seo-wordpress\/ -->\n<title>STIHL Taille-haie \u00e9lectrique HSE 81<\/title>\n<meta name=\"description\" content=\"STIHL HSE 81 60 cm Taille-haie \u00e9lectrique robuste pour les haies \u00e0 grosses branches. Disponible avec longueur de coupe de 50 60 ou 70cm. by Landscap...\" \/>\n<meta name=\"robots\" content=\"noindex, follow, max-snippet:-1, max-image-preview:large, max-video-preview:-1\" \/>\n<meta property=\"og:locale\" content=\"fr_FR\" \/>\n<meta property=\"og:type\" content=\"article\" \/>\n<meta property=\"og:title\" content=\"STIHL Taille-haie \u00e9lectrique HSE 81\" \/>\n<meta property=\"og:description\" content=\"STIHL HSE 81 60 cm Taille-haie \u00e9lectrique robuste pour les haies \u00e0 grosses branches. Disponible avec longueur de coupe de 50 60 ou 70cm. by Landscap...\" \/>\n<meta property=\"og:url\" content=\"https:\/\/landscapingdealer.com\/fr\/product\/stihl-hse-81-60-cm-fr\/\" \/>\n<meta property=\"og:site_name\" content=\"Landscaping Dealer\" \/>\n<meta property=\"article:modified_time\" content=\"2026-04-25T07:35:52+00:00\" \/>\n<meta property=\"og:image\" content=\"https:\/\/landscapingdealer.com\/wp-content\/uploads\/2025\/12\/31199_H-HSE81-S007-4.webp\" \/>\n\t<meta property=\"og:image:width\" content=\"960\" \/>\n\t<meta property=\"og:image:height\" content=\"367\" \/>\n\t<meta property=\"og:image:type\" content=\"image\/webp\" \/>\n<meta name=\"twitter:card\" content=\"summary_large_image\" \/>\n<meta name=\"twitter:title\" content=\"STIHL Taille-haie \u00e9lectrique HSE 81\" \/>\n<meta name=\"twitter:description\" content=\"STIHL HSE 81 60 cm Taille-haie \u00e9lectrique robuste pour les haies \u00e0 grosses branches. Disponible avec longueur de coupe de 50 60 ou 70cm. by Landscap...\" \/>\n<meta name=\"twitter:image\" content=\"https:\/\/landscapingdealer.com\/wp-content\/uploads\/2025\/12\/31199_H-HSE81-S007-4.webp\" \/>\n<script type=\"application\/ld+json\" class=\"yoast-schema-graph\">{\"@context\":\"https:\\\/\\\/schema.org\",\"@graph\":[{\"@type\":\"WebPage\",\"@id\":\"https:\\\/\\\/landscapingdealer.com\\\/fr\\\/product\\\/stihl-hse-81-60-cm-fr\\\/\",\"url\":\"https:\\\/\\\/landscapingdealer.com\\\/fr\\\/product\\\/stihl-hse-81-60-cm-fr\\\/\",\"name\":\"STIHL Taille-haie \u00e9lectrique HSE 81\",\"isPartOf\":{\"@id\":\"https:\\\/\\\/landscapingdealer.com\\\/fr\\\/#website\"},\"primaryImageOfPage\":{\"@id\":\"https:\\\/\\\/landscapingdealer.com\\\/fr\\\/product\\\/stihl-hse-81-60-cm-fr\\\/#primaryimage\"},\"image\":{\"@id\":\"https:\\\/\\\/landscapingdealer.com\\\/fr\\\/product\\\/stihl-hse-81-60-cm-fr\\\/#primaryimage\"},\"thumbnailUrl\":\"https:\\\/\\\/landscapingdealer.com\\\/wp-content\\\/uploads\\\/2025\\\/12\\\/31199_H-HSE81-S007-4.webp\",\"datePublished\":\"2025-05-23T08:41:00+00:00\",\"dateModified\":\"2026-04-25T07:35:52+00:00\",\"description\":\"STIHL HSE 81 60 cm Taille-haie \u00e9lectrique robuste pour les haies \u00e0 grosses branches. Disponible avec longueur de coupe de 50 60 ou 70cm. by Landscap...\",\"breadcrumb\":{\"@id\":\"https:\\\/\\\/landscapingdealer.com\\\/fr\\\/product\\\/stihl-hse-81-60-cm-fr\\\/#breadcrumb\"},\"inLanguage\":\"fr-BE\",\"potentialAction\":[{\"@type\":\"ReadAction\",\"target\":[\"https:\\\/\\\/landscapingdealer.com\\\/fr\\\/product\\\/stihl-hse-81-60-cm-fr\\\/\"]}]},{\"@type\":\"ImageObject\",\"inLanguage\":\"fr-BE\",\"@id\":\"https:\\\/\\\/landscapingdealer.com\\\/fr\\\/product\\\/stihl-hse-81-60-cm-fr\\\/#primaryimage\",\"url\":\"https:\\\/\\\/landscapingdealer.com\\\/wp-content\\\/uploads\\\/2025\\\/12\\\/31199_H-HSE81-S007-4.webp\",\"contentUrl\":\"https:\\\/\\\/landscapingdealer.com\\\/wp-content\\\/uploads\\\/2025\\\/12\\\/31199_H-HSE81-S007-4.webp\",\"width\":960,\"height\":367},{\"@type\":\"BreadcrumbList\",\"@id\":\"https:\\\/\\\/landscapingdealer.com\\\/fr\\\/product\\\/stihl-hse-81-60-cm-fr\\\/#breadcrumb\",\"itemListElement\":[{\"@type\":\"ListItem\",\"position\":1,\"name\":\"Home\",\"item\":\"https:\\\/\\\/landscapingdealer.com\\\/fr\\\/page-daccueil-nouveau\\\/\"},{\"@type\":\"ListItem\",\"position\":2,\"name\":\"Boutique\",\"item\":\"https:\\\/\\\/landscapingdealer.com\\\/boutique\\\/\"},{\"@type\":\"ListItem\",\"position\":3,\"name\":\"STIHL\",\"item\":\"https:\\\/\\\/landscapingdealer.com\\\/fr\\\/product-categorie\\\/stihl-fr\\\/\"},{\"@type\":\"ListItem\",\"position\":4,\"name\":\"Appareils et outils\",\"item\":\"https:\\\/\\\/landscapingdealer.com\\\/fr\\\/product-categorie\\\/stihl-fr\\\/appareils-et-outils-fr\\\/\"},{\"@type\":\"ListItem\",\"position\":5,\"name\":\"HSE 81, 60 cm\"}]},{\"@type\":\"WebSite\",\"@id\":\"https:\\\/\\\/landscapingdealer.com\\\/fr\\\/#website\",\"url\":\"https:\\\/\\\/landscapingdealer.com\\\/fr\\\/\",\"name\":\"Landscaping Dealer\",\"description\":\"Just another WordPress site\",\"potentialAction\":[{\"@type\":\"SearchAction\",\"target\":{\"@type\":\"EntryPoint\",\"urlTemplate\":\"https:\\\/\\\/landscapingdealer.com\\\/fr\\\/?s={search_term_string}\"},\"query-input\":{\"@type\":\"PropertyValueSpecification\",\"valueRequired\":true,\"valueName\":\"search_term_string\"}}],\"inLanguage\":\"fr-BE\"}]}<\/script>\n<!-- \/ Yoast SEO plugin. -->","yoast_head_json":{"title":"STIHL Taille-haie \u00e9lectrique HSE 81","description":"STIHL HSE 81 60 cm Taille-haie \u00e9lectrique robuste pour les haies \u00e0 grosses branches. Disponible avec longueur de coupe de 50 60 ou 70cm. by Landscap...","robots":{"index":"noindex","follow":"follow","max-snippet":"max-snippet:-1","max-image-preview":"max-image-preview:large","max-video-preview":"max-video-preview:-1"},"og_locale":"fr_FR","og_type":"article","og_title":"STIHL Taille-haie \u00e9lectrique HSE 81","og_description":"STIHL HSE 81 60 cm Taille-haie \u00e9lectrique robuste pour les haies \u00e0 grosses branches. Disponible avec longueur de coupe de 50 60 ou 70cm. by Landscap...","og_url":"https:\/\/landscapingdealer.com\/fr\/product\/stihl-hse-81-60-cm-fr\/","og_site_name":"Landscaping Dealer","article_modified_time":"2026-04-25T07:35:52+00:00","og_image":[{"width":960,"height":367,"url":"https:\/\/landscapingdealer.com\/wp-content\/uploads\/2025\/12\/31199_H-HSE81-S007-4.webp","type":"image\/webp"}],"twitter_card":"summary_large_image","twitter_title":"STIHL Taille-haie \u00e9lectrique HSE 81","twitter_description":"STIHL HSE 81 60 cm Taille-haie \u00e9lectrique robuste pour les haies \u00e0 grosses branches. Disponible avec longueur de coupe de 50 60 ou 70cm. by Landscap...","twitter_image":"https:\/\/landscapingdealer.com\/wp-content\/uploads\/2025\/12\/31199_H-HSE81-S007-4.webp","schema":{"@context":"https:\/\/schema.org","@graph":[{"@type":"WebPage","@id":"https:\/\/landscapingdealer.com\/fr\/product\/stihl-hse-81-60-cm-fr\/","url":"https:\/\/landscapingdealer.com\/fr\/product\/stihl-hse-81-60-cm-fr\/","name":"STIHL Taille-haie \u00e9lectrique HSE 81","isPartOf":{"@id":"https:\/\/landscapingdealer.com\/fr\/#website"},"primaryImageOfPage":{"@id":"https:\/\/landscapingdealer.com\/fr\/product\/stihl-hse-81-60-cm-fr\/#primaryimage"},"image":{"@id":"https:\/\/landscapingdealer.com\/fr\/product\/stihl-hse-81-60-cm-fr\/#primaryimage"},"thumbnailUrl":"https:\/\/landscapingdealer.com\/wp-content\/uploads\/2025\/12\/31199_H-HSE81-S007-4.webp","datePublished":"2025-05-23T08:41:00+00:00","dateModified":"2026-04-25T07:35:52+00:00","description":"STIHL HSE 81 60 cm Taille-haie \u00e9lectrique robuste pour les haies \u00e0 grosses branches. Disponible avec longueur de coupe de 50 60 ou 70cm. by Landscap...","breadcrumb":{"@id":"https:\/\/landscapingdealer.com\/fr\/product\/stihl-hse-81-60-cm-fr\/#breadcrumb"},"inLanguage":"fr-BE","potentialAction":[{"@type":"ReadAction","target":["https:\/\/landscapingdealer.com\/fr\/product\/stihl-hse-81-60-cm-fr\/"]}]},{"@type":"ImageObject","inLanguage":"fr-BE","@id":"https:\/\/landscapingdealer.com\/fr\/product\/stihl-hse-81-60-cm-fr\/#primaryimage","url":"https:\/\/landscapingdealer.com\/wp-content\/uploads\/2025\/12\/31199_H-HSE81-S007-4.webp","contentUrl":"https:\/\/landscapingdealer.com\/wp-content\/uploads\/2025\/12\/31199_H-HSE81-S007-4.webp","width":960,"height":367},{"@type":"BreadcrumbList","@id":"https:\/\/landscapingdealer.com\/fr\/product\/stihl-hse-81-60-cm-fr\/#breadcrumb","itemListElement":[{"@type":"ListItem","position":1,"name":"Home","item":"https:\/\/landscapingdealer.com\/fr\/page-daccueil-nouveau\/"},{"@type":"ListItem","position":2,"name":"Boutique","item":"https:\/\/landscapingdealer.com\/boutique\/"},{"@type":"ListItem","position":3,"name":"STIHL","item":"https:\/\/landscapingdealer.com\/fr\/product-categorie\/stihl-fr\/"},{"@type":"ListItem","position":4,"name":"Appareils et outils","item":"https:\/\/landscapingdealer.com\/fr\/product-categorie\/stihl-fr\/appareils-et-outils-fr\/"},{"@type":"ListItem","position":5,"name":"HSE 81, 60 cm"}]},{"@type":"WebSite","@id":"https:\/\/landscapingdealer.com\/fr\/#website","url":"https:\/\/landscapingdealer.com\/fr\/","name":"Landscaping Dealer","description":"Just another WordPress site","potentialAction":[{"@type":"SearchAction","target":{"@type":"EntryPoint","urlTemplate":"https:\/\/landscapingdealer.com\/fr\/?s={search_term_string}"},"query-input":{"@type":"PropertyValueSpecification","valueRequired":true,"valueName":"search_term_string"}}],"inLanguage":"fr-BE"}]}},"_links":{"self":[{"href":"https:\/\/landscapingdealer.com\/fr\/wp-json\/wp\/v2\/product\/1135080","targetHints":{"allow":["GET"]}}],"collection":[{"href":"https:\/\/landscapingdealer.com\/fr\/wp-json\/wp\/v2\/product"}],"about":[{"href":"https:\/\/landscapingdealer.com\/fr\/wp-json\/wp\/v2\/types\/product"}],"wp:featuredmedia":[{"embeddable":true,"href":"https:\/\/landscapingdealer.com\/fr\/wp-json\/wp\/v2\/media\/1154032"}],"wp:attachment":[{"href":"https:\/\/landscapingdealer.com\/fr\/wp-json\/wp\/v2\/media?parent=1135080"}],"wp:term":[{"taxonomy":"product_brand","embeddable":true,"href":"https:\/\/landscapingdealer.com\/fr\/wp-json\/wp\/v2\/product_brand?post=1135080"},{"taxonomy":"product_cat","embeddable":true,"href":"https:\/\/landscapingdealer.com\/fr\/wp-json\/wp\/v2\/product_cat?post=1135080"},{"taxonomy":"product_tag","embeddable":true,"href":"https:\/\/landscapingdealer.com\/fr\/wp-json\/wp\/v2\/product_tag?post=1135080"}],"curies":[{"name":"wp","href":"https:\/\/api.w.org\/{rel}","templated":true}]}}